{"id":114,"date":"2025-04-23T08:42:51","date_gmt":"2025-04-23T08:42:51","guid":{"rendered":"https:\/\/3gimmo.com\/blog\/?page_id=114"},"modified":"2025-05-23T12:02:46","modified_gmt":"2025-05-23T12:02:46","slug":"offres-3gimmo","status":"publish","type":"page","link":"https:\/\/3gimmo.com\/blog\/recrutement\/offres-3gimmo","title":{"rendered":"Devenez mandataire avec l\u2019offre 3G IMMO qui vous ressemble"},"content":{"rendered":"\n<h2 class=\"wp-block-heading\">Deux formules pour vous permettre d\u2019exceller dans votre m\u00e9tier de mandataires immobiliers !<\/h2>\n\n\n\n<p>Deux choix de r\u00e9mun\u00e9ration qui s&rsquo;adaptent \u00e0 la r\u00e9alit\u00e9 du terrain et \u00e0 vos propres objectifs.<\/p>\n\n\n\n<div class=\"wp-block-buttons is-layout-flex wp-block-buttons-is-layout-flex\">\n<div class=\"wp-block-button\"><a class=\"wp-block-button__link wp-element-button\" href=\"https:\/\/3gimmo.com\/blog\/brochure-3gimmo\">Demandez notre brochure \ud83d\udce9<\/a><\/div>\n<\/div>\n\n\n\n<div style=\"height:56px\" aria-hidden=\"true\" class=\"wp-block-spacer\"><\/div>\n\n\n\n<h2 class=\"wp-block-heading\">L\u2019offre de bienvenue 3G IMMO<\/h2>\n\n\n\n<p>Pour vous aider \u00e0 vous lancer, profitez d&rsquo;un tarif avantageux pendant 6 mois et d\u00e9couvrez l&rsquo;esprit 3G IMMO ! <br>Testez la qualit\u00e9 de nos <a href=\"https:\/\/3gimmo.com\/blog\/recrutement\/outils-services-3gimmo\">services<\/a> sans prendre de risque\u2026<\/p>\n\n\n\n<p><\/p>\n\n\n<div class=\"wp-block-image\">\n<figure class=\"alignleft size-large is-resized\"><img loading=\"lazy\" decoding=\"async\" width=\"1024\" height=\"492\" src=\"https:\/\/3gimmo.com\/blog\/wp-content\/uploads\/2025\/04\/offre_3gimmo-1024x492.png\" alt=\"\" class=\"wp-image-466\" style=\"width:626px;height:auto\" srcset=\"https:\/\/3gimmo.com\/blog\/wp-content\/uploads\/2025\/04\/offre_3gimmo-1024x492.png 1024w, https:\/\/3gimmo.com\/blog\/wp-content\/uploads\/2025\/04\/offre_3gimmo-300x144.png 300w, https:\/\/3gimmo.com\/blog\/wp-content\/uploads\/2025\/04\/offre_3gimmo-768x369.png 768w, https:\/\/3gimmo.com\/blog\/wp-content\/uploads\/2025\/04\/offre_3gimmo.png 1300w\" sizes=\"auto, (max-width: 1024px) 100vw, 1024px\" \/><\/figure><\/div>\n\n\n<p><\/p>\n\n\n\n<p><\/p>\n\n\n\n<p><\/p>\n\n\n\n<p><\/p>\n\n\n\n<p><\/p>\n\n\n\n<p><\/p>\n\n\n\n<p><\/p>\n\n\n\n<p><\/p>\n\n\n\n<p><\/p>\n\n\n\n<h2 class=\"wp-block-heading\">Les outils et services inclus dans votre offre<\/h2>\n\n\n\n<p>Tous les services et outils sont inclus dans votre <a href=\"https:\/\/3gimmo.com\/blog\/recrutement\/offres-3gimmo\">pack<\/a>, seule la r\u00e9mun\u00e9ration change !<\/p>\n\n\n\n<ul class=\"wp-block-list\">\n<li>Une forte r\u00e9mun\u00e9ration fixe d\u00e8s la 1\u00e8re vente<\/li>\n\n\n\n<li>Un logiciel m\u00e9tier \u00e9volutif d\u00e9velopp\u00e9 en interne<\/li>\n\n\n\n<li>La multidiffusion de vos annonces sur de nombreux sites partenaires<\/li>\n\n\n\n<li>L\u2019accompagnement et la r\u00e9activit\u00e9 de notre \u00e9quipe au si\u00e8ge<\/li>\n\n\n\n<li>Une assistance juridique, technique et d&rsquo;informations \u00e0 votre service<\/li>\n<\/ul>\n\n\n\n<p>Nous nous engageons \u00e0 r\u00e9pondre \u00e0 vos questions sous 24h (hors week-end)<br>Choisissez l\u2019offre qui vous correspond et rejoignez un r\u00e9seau qui respecte votre libert\u00e9 tout en vous accompagnant selon vos souhaits et besoins.<\/p>\n\n\n\n<div class=\"wp-block-buttons is-layout-flex wp-block-buttons-is-layout-flex\">\n<div class=\"wp-block-button is-style-fill\"><a class=\"wp-block-button__link wp-element-button\" href=\"https:\/\/3gimmo.com\/blog\/brochure-3gimmo\">Demandez notre brochure \ud83d\udce9<\/a><\/div>\n<\/div>\n\n\n\n<p><\/p>\n","protected":false},"excerpt":{"rendered":"<p>Deux formules pour vous permettre d\u2019exceller dans votre m\u00e9tier de mandataires immobiliers ! Deux choix de r\u00e9mun\u00e9ration qui s&rsquo;adaptent \u00e0 la r\u00e9alit\u00e9 du terrain et \u00e0 vos propres objectifs. L\u2019offre de bienvenue 3G IMMO Pour vous aider \u00e0 vous lancer, profitez d&rsquo;un tarif avantageux pendant 6 mois et d\u00e9couvrez l&rsquo;esprit 3G IMMO ! Testez la [&hellip;]<\/p>\n","protected":false},"author":1,"featured_media":0,"parent":14,"menu_order":0,"comment_status":"closed","ping_status":"closed","template":"","meta":{"footnotes":""},"class_list":["post-114","page","type-page","status-publish","hentry"],"yoast_head":"<!-- This site is optimized with the Yoast SEO plugin v24.9 - https:\/\/yoast.com\/wordpress\/plugins\/seo\/ -->\n<title>Devenez mandataire immobilier : d\u00e9couvrez l&#039;offre 3G IMMO<\/title>\n<meta name=\"description\" content=\"D\u00e9couvrez les offres exclusives de 3G IMMO pour les mandataires immobiliers : outils digitaux performants, formations continues, accompagnement personnalis\u00e9 et r\u00e9mun\u00e9ration attractive pour booster votre carri\u00e8re en toute ind\u00e9pendance.\u200b\" \/>\n<meta name=\"robots\" content=\"index, follow, max-snippet:-1, max-image-preview:large, max-video-preview:-1\" \/>\n<link rel=\"canonical\" href=\"https:\/\/3gimmo.com\/blog\/recrutement\/offres-3gimmo\" \/>\n<meta property=\"og:locale\" content=\"fr_FR\" \/>\n<meta property=\"og:type\" content=\"article\" \/>\n<meta property=\"og:title\" content=\"Devenez mandataire immobilier : d\u00e9couvrez l&#039;offre 3G IMMO\" \/>\n<meta property=\"og:description\" content=\"D\u00e9couvrez les offres exclusives de 3G IMMO pour les mandataires immobiliers : outils digitaux performants, formations continues, accompagnement personnalis\u00e9 et r\u00e9mun\u00e9ration attractive pour booster votre carri\u00e8re en toute ind\u00e9pendance.\u200b\" \/>\n<meta property=\"og:url\" content=\"https:\/\/3gimmo.com\/blog\/recrutement\/offres-3gimmo\" \/>\n<meta property=\"og:site_name\" content=\"Blog 3G IMMO\" \/>\n<meta property=\"article:modified_time\" content=\"2025-05-23T12:02:46+00:00\" \/>\n<meta property=\"og:image\" content=\"https:\/\/3gimmo.com\/blog\/wp-content\/uploads\/2025\/04\/offre_3gimmo.png\" \/>\n\t<meta property=\"og:image:width\" content=\"1300\" \/>\n\t<meta property=\"og:image:height\" content=\"625\" \/>\n\t<meta property=\"og:image:type\" content=\"image\/png\" \/>\n<meta name=\"twitter:card\" content=\"summary_large_image\" \/>\n<meta name=\"twitter:label1\" content=\"Est. reading time\" \/>\n\t<meta name=\"twitter:data1\" content=\"2 minutes\" \/>\n<script type=\"application\/ld+json\" class=\"yoast-schema-graph\">{\"@context\":\"https:\/\/schema.org\",\"@graph\":[{\"@type\":\"WebPage\",\"@id\":\"https:\/\/3gimmo.com\/blog\/recrutement\/offres-3gimmo\",\"url\":\"https:\/\/3gimmo.com\/blog\/recrutement\/offres-3gimmo\",\"name\":\"Devenez mandataire immobilier : d\u00e9couvrez l'offre 3G IMMO\",\"isPartOf\":{\"@id\":\"https:\/\/3gimmo.com\/blog\/#website\"},\"primaryImageOfPage\":{\"@id\":\"https:\/\/3gimmo.com\/blog\/recrutement\/offres-3gimmo#primaryimage\"},\"image\":{\"@id\":\"https:\/\/3gimmo.com\/blog\/recrutement\/offres-3gimmo#primaryimage\"},\"thumbnailUrl\":\"https:\/\/3gimmo.com\/blog\/wp-content\/uploads\/2025\/04\/offre_3gimmo-1024x492.png\",\"datePublished\":\"2025-04-23T08:42:51+00:00\",\"dateModified\":\"2025-05-23T12:02:46+00:00\",\"description\":\"D\u00e9couvrez les offres exclusives de 3G IMMO pour les mandataires immobiliers : outils digitaux performants, formations continues, accompagnement personnalis\u00e9 et r\u00e9mun\u00e9ration attractive pour booster votre carri\u00e8re en toute ind\u00e9pendance.\u200b\",\"breadcrumb\":{\"@id\":\"https:\/\/3gimmo.com\/blog\/recrutement\/offres-3gimmo#breadcrumb\"},\"inLanguage\":\"fr-FR\",\"potentialAction\":[{\"@type\":\"ReadAction\",\"target\":[\"https:\/\/3gimmo.com\/blog\/recrutement\/offres-3gimmo\"]}]},{\"@type\":\"ImageObject\",\"inLanguage\":\"fr-FR\",\"@id\":\"https:\/\/3gimmo.com\/blog\/recrutement\/offres-3gimmo#primaryimage\",\"url\":\"https:\/\/3gimmo.com\/blog\/wp-content\/uploads\/2025\/04\/offre_3gimmo.png\",\"contentUrl\":\"https:\/\/3gimmo.com\/blog\/wp-content\/uploads\/2025\/04\/offre_3gimmo.png\",\"width\":1300,\"height\":625},{\"@type\":\"BreadcrumbList\",\"@id\":\"https:\/\/3gimmo.com\/blog\/recrutement\/offres-3gimmo#breadcrumb\",\"itemListElement\":[{\"@type\":\"ListItem\",\"position\":1,\"name\":\"Home\",\"item\":\"https:\/\/3gimmo.com\/blog\/\"},{\"@type\":\"ListItem\",\"position\":2,\"name\":\"Rejoindre 3G IMMO |\u00a0 R\u00e9seau de mandataires immobiliers\",\"item\":\"https:\/\/3gimmo.com\/blog\/recrutement\"},{\"@type\":\"ListItem\",\"position\":3,\"name\":\"Devenez mandataire avec l\u2019offre 3G IMMO qui vous ressemble\"}]},{\"@type\":\"WebSite\",\"@id\":\"https:\/\/3gimmo.com\/blog\/#website\",\"url\":\"https:\/\/3gimmo.com\/blog\/\",\"name\":\"Blog 3G IMMO\",\"description\":\"3G IMMO d\u00e9crypte l&#039;immobilier\",\"potentialAction\":[{\"@type\":\"SearchAction\",\"target\":{\"@type\":\"EntryPoint\",\"urlTemplate\":\"https:\/\/3gimmo.com\/blog\/?s={search_term_string}\"},\"query-input\":{\"@type\":\"PropertyValueSpecification\",\"valueRequired\":true,\"valueName\":\"search_term_string\"}}],\"inLanguage\":\"fr-FR\"}]}<\/script>\n<!-- \/ Yoast SEO plugin. -->","yoast_head_json":{"title":"Devenez mandataire immobilier : d\u00e9couvrez l'offre 3G IMMO","description":"D\u00e9couvrez les offres exclusives de 3G IMMO pour les mandataires immobiliers : outils digitaux performants, formations continues, accompagnement personnalis\u00e9 et r\u00e9mun\u00e9ration attractive pour booster votre carri\u00e8re en toute ind\u00e9pendance.\u200b","robots":{"index":"index","follow":"follow","max-snippet":"max-snippet:-1","max-image-preview":"max-image-preview:large","max-video-preview":"max-video-preview:-1"},"canonical":"https:\/\/3gimmo.com\/blog\/recrutement\/offres-3gimmo","og_locale":"fr_FR","og_type":"article","og_title":"Devenez mandataire immobilier : d\u00e9couvrez l'offre 3G IMMO","og_description":"D\u00e9couvrez les offres exclusives de 3G IMMO pour les mandataires immobiliers : outils digitaux performants, formations continues, accompagnement personnalis\u00e9 et r\u00e9mun\u00e9ration attractive pour booster votre carri\u00e8re en toute ind\u00e9pendance.\u200b","og_url":"https:\/\/3gimmo.com\/blog\/recrutement\/offres-3gimmo","og_site_name":"Blog 3G IMMO","article_modified_time":"2025-05-23T12:02:46+00:00","og_image":[{"width":1300,"height":625,"url":"https:\/\/3gimmo.com\/blog\/wp-content\/uploads\/2025\/04\/offre_3gimmo.png","type":"image\/png"}],"twitter_card":"summary_large_image","twitter_misc":{"Est. reading time":"2 minutes"},"schema":{"@context":"https:\/\/schema.org","@graph":[{"@type":"WebPage","@id":"https:\/\/3gimmo.com\/blog\/recrutement\/offres-3gimmo","url":"https:\/\/3gimmo.com\/blog\/recrutement\/offres-3gimmo","name":"Devenez mandataire immobilier : d\u00e9couvrez l'offre 3G IMMO","isPartOf":{"@id":"https:\/\/3gimmo.com\/blog\/#website"},"primaryImageOfPage":{"@id":"https:\/\/3gimmo.com\/blog\/recrutement\/offres-3gimmo#primaryimage"},"image":{"@id":"https:\/\/3gimmo.com\/blog\/recrutement\/offres-3gimmo#primaryimage"},"thumbnailUrl":"https:\/\/3gimmo.com\/blog\/wp-content\/uploads\/2025\/04\/offre_3gimmo-1024x492.png","datePublished":"2025-04-23T08:42:51+00:00","dateModified":"2025-05-23T12:02:46+00:00","description":"D\u00e9couvrez les offres exclusives de 3G IMMO pour les mandataires immobiliers : outils digitaux performants, formations continues, accompagnement personnalis\u00e9 et r\u00e9mun\u00e9ration attractive pour booster votre carri\u00e8re en toute ind\u00e9pendance.\u200b","breadcrumb":{"@id":"https:\/\/3gimmo.com\/blog\/recrutement\/offres-3gimmo#breadcrumb"},"inLanguage":"fr-FR","potentialAction":[{"@type":"ReadAction","target":["https:\/\/3gimmo.com\/blog\/recrutement\/offres-3gimmo"]}]},{"@type":"ImageObject","inLanguage":"fr-FR","@id":"https:\/\/3gimmo.com\/blog\/recrutement\/offres-3gimmo#primaryimage","url":"https:\/\/3gimmo.com\/blog\/wp-content\/uploads\/2025\/04\/offre_3gimmo.png","contentUrl":"https:\/\/3gimmo.com\/blog\/wp-content\/uploads\/2025\/04\/offre_3gimmo.png","width":1300,"height":625},{"@type":"BreadcrumbList","@id":"https:\/\/3gimmo.com\/blog\/recrutement\/offres-3gimmo#breadcrumb","itemListElement":[{"@type":"ListItem","position":1,"name":"Home","item":"https:\/\/3gimmo.com\/blog\/"},{"@type":"ListItem","position":2,"name":"Rejoindre 3G IMMO |\u00a0 R\u00e9seau de mandataires immobiliers","item":"https:\/\/3gimmo.com\/blog\/recrutement"},{"@type":"ListItem","position":3,"name":"Devenez mandataire avec l\u2019offre 3G IMMO qui vous ressemble"}]},{"@type":"WebSite","@id":"https:\/\/3gimmo.com\/blog\/#website","url":"https:\/\/3gimmo.com\/blog\/","name":"Blog 3G IMMO","description":"3G IMMO d\u00e9crypte l&#039;immobilier","potentialAction":[{"@type":"SearchAction","target":{"@type":"EntryPoint","urlTemplate":"https:\/\/3gimmo.com\/blog\/?s={search_term_string}"},"query-input":{"@type":"PropertyValueSpecification","valueRequired":true,"valueName":"search_term_string"}}],"inLanguage":"fr-FR"}]}},"_links":{"self":[{"href":"https:\/\/3gimmo.com\/blog\/wp-json\/wp\/v2\/pages\/114","targetHints":{"allow":["GET"]}}],"collection":[{"href":"https:\/\/3gimmo.com\/blog\/wp-json\/wp\/v2\/pages"}],"about":[{"href":"https:\/\/3gimmo.com\/blog\/wp-json\/wp\/v2\/types\/page"}],"author":[{"embeddable":true,"href":"https:\/\/3gimmo.com\/blog\/wp-json\/wp\/v2\/users\/1"}],"replies":[{"embeddable":true,"href":"https:\/\/3gimmo.com\/blog\/wp-json\/wp\/v2\/comments?post=114"}],"version-history":[{"count":18,"href":"https:\/\/3gimmo.com\/blog\/wp-json\/wp\/v2\/pages\/114\/revisions"}],"predecessor-version":[{"id":636,"href":"https:\/\/3gimmo.com\/blog\/wp-json\/wp\/v2\/pages\/114\/revisions\/636"}],"up":[{"embeddable":true,"href":"https:\/\/3gimmo.com\/blog\/wp-json\/wp\/v2\/pages\/14"}],"wp:attachment":[{"href":"https:\/\/3gimmo.com\/blog\/wp-json\/wp\/v2\/media?parent=114"}],"curies":[{"name":"wp","href":"https:\/\/api.w.org\/{rel}","templated":true}]}}