{"id":14,"date":"2025-04-21T21:46:07","date_gmt":"2025-04-21T21:46:07","guid":{"rendered":"https:\/\/3gimmo.com\/blog\/?page_id=14"},"modified":"2025-06-03T10:03:13","modified_gmt":"2025-06-03T10:03:13","slug":"recrutement","status":"publish","type":"page","link":"https:\/\/3gimmo.com\/blog\/recrutement","title":{"rendered":"Rejoindre 3G IMMO |\u00a0 R\u00e9seau de mandataires immobiliers"},"content":{"rendered":"\n<p>Rejoignez le <strong>r\u00e9seau national immobilier<\/strong> \u00e0 taille humaine compos\u00e9 de <strong>mandataires exp\u00e9riment\u00e9s<\/strong>.<br><br>\u2714\ufe0f Logiciel m\u00e9tier performant<br>\u2714\ufe0f Accompagnement au quotidien<br>\u2714\ufe0f Partenariats strat\u00e9giques<br>\u2714\ufe0f Multidiffusion massive<br>\u2714\ufe0f Communication impactante<br>\u2714\ufe0f R\u00e9mun\u00e9ration avantageuse <\/p>\n\n\n\n<div class=\"wp-block-buttons is-layout-flex wp-block-buttons-is-layout-flex\">\n<div class=\"wp-block-button\"><a class=\"wp-block-button__link wp-element-button\" href=\"https:\/\/3gimmo.com\/blog\/brochure-3gimmo\">\ud83d\udc49 Envie de nous rejoindre ? Demandez votre brochure !<\/a><\/div>\n<\/div>\n\n\n\n<div style=\"height:70px\" aria-hidden=\"true\" class=\"wp-block-spacer\"><\/div>\n\n\n\n<div class=\"wp-block-columns is-layout-flex wp-container-core-columns-is-layout-9d6595d7 wp-block-columns-is-layout-flex\">\n<div class=\"wp-block-column is-layout-flow wp-block-column-is-layout-flow\">\n<figure class=\"wp-block-image size-full\"><a href=\"https:\/\/3gimmo.com\/blog\/recrutement\/offres-3gimmo\"><img loading=\"lazy\" decoding=\"async\" width=\"800\" height=\"600\" src=\"https:\/\/3gimmo.com\/blog\/wp-content\/uploads\/2025\/04\/page_offres-3gimmo.png\" alt=\"\" class=\"wp-image-402\" srcset=\"https:\/\/3gimmo.com\/blog\/wp-content\/uploads\/2025\/04\/page_offres-3gimmo.png 800w, https:\/\/3gimmo.com\/blog\/wp-content\/uploads\/2025\/04\/page_offres-3gimmo-300x225.png 300w, https:\/\/3gimmo.com\/blog\/wp-content\/uploads\/2025\/04\/page_offres-3gimmo-768x576.png 768w\" sizes=\"auto, (max-width: 800px) 100vw, 800px\" \/><\/a><\/figure>\n\n\n\n<h2 class=\"wp-block-heading\">Notre offre tout inclus<\/h2>\n\n\n\n<p>Deux formules de r\u00e9mun\u00e9ration qui s&rsquo;adaptent \u00e0 la r\u00e9alit\u00e9 du terrain et \u00e0 vos propres objectifs de d\u00e9veloppement&#8230;<\/p>\n\n\n\n<div style=\"height:44px\" aria-hidden=\"true\" class=\"wp-block-spacer\"><\/div>\n\n\n\n<div class=\"wp-block-buttons is-layout-flex wp-block-buttons-is-layout-flex\">\n<div class=\"wp-block-button\"><a class=\"wp-block-button__link wp-element-button\" href=\"https:\/\/3gimmo.com\/blog\/recrutement\/offres-3gimmo\">\ud83d\udc49 D\u00e9couvrez votre r\u00e9mun\u00e9ration<\/a><\/div>\n<\/div>\n<\/div>\n\n\n\n<div class=\"wp-block-column is-layout-flow wp-block-column-is-layout-flow\">\n<figure class=\"wp-block-image size-full\"><a href=\"https:\/\/3gimmo.com\/blog\/recrutement\/nous-rejoindre\"><img loading=\"lazy\" decoding=\"async\" width=\"800\" height=\"600\" src=\"https:\/\/3gimmo.com\/blog\/wp-content\/uploads\/2025\/04\/page_etapes-recrutement-3gimmo.png\" alt=\"\" class=\"wp-image-400\" srcset=\"https:\/\/3gimmo.com\/blog\/wp-content\/uploads\/2025\/04\/page_etapes-recrutement-3gimmo.png 800w, https:\/\/3gimmo.com\/blog\/wp-content\/uploads\/2025\/04\/page_etapes-recrutement-3gimmo-300x225.png 300w, https:\/\/3gimmo.com\/blog\/wp-content\/uploads\/2025\/04\/page_etapes-recrutement-3gimmo-768x576.png 768w\" sizes=\"auto, (max-width: 800px) 100vw, 800px\" \/><\/a><\/figure>\n\n\n\n<h2 class=\"wp-block-heading\">Nous rejoindre en 3 \u00e9tapes !<\/h2>\n\n\n\n<p>Parce qu\u2019un bon d\u00e9part est la cl\u00e9 d\u2019une activit\u00e9 r\u00e9ussie, nous avons con\u00e7u un <strong>parcours d\u2019int\u00e9gration clair, rapide et humain<\/strong>, avec un accompagnement sur-mesure d\u00e8s les premiers \u00e9changes&#8230;.<\/p>\n\n\n\n<div class=\"wp-block-buttons is-layout-flex wp-block-buttons-is-layout-flex\">\n<div class=\"wp-block-button\"><a class=\"wp-block-button__link wp-element-button\" href=\"https:\/\/3gimmo.com\/blog\/recrutement\/nous-rejoindre\">\ud83d\udc49 C&rsquo;est simple et rapide !<\/a><\/div>\n<\/div>\n<\/div>\n\n\n\n<div class=\"wp-block-column is-layout-flow wp-block-column-is-layout-flow\">\n<figure class=\"wp-block-image size-full\"><a href=\"https:\/\/3gimmo.com\/blog\/recrutement\/pourquoi-choisir-3g-immo\"><img loading=\"lazy\" decoding=\"async\" width=\"800\" height=\"600\" src=\"https:\/\/3gimmo.com\/blog\/wp-content\/uploads\/2025\/04\/page_pourquoi-3gimmo.png\" alt=\"\" class=\"wp-image-404\" srcset=\"https:\/\/3gimmo.com\/blog\/wp-content\/uploads\/2025\/04\/page_pourquoi-3gimmo.png 800w, https:\/\/3gimmo.com\/blog\/wp-content\/uploads\/2025\/04\/page_pourquoi-3gimmo-300x225.png 300w, https:\/\/3gimmo.com\/blog\/wp-content\/uploads\/2025\/04\/page_pourquoi-3gimmo-768x576.png 768w\" sizes=\"auto, (max-width: 800px) 100vw, 800px\" \/><\/a><\/figure>\n\n\n\n<h2 class=\"wp-block-heading\">Pourquoi choisir 3G IMMO ?<\/h2>\n\n\n\n<p><strong>3G IMMO<\/strong>, c\u2019est bien plus qu\u2019un simple r\u00e9seau immobilier. C\u2019est une vision humaine, exigeante et moderne du m\u00e9tier de <strong>mandataire<\/strong>. Un accompagnement de proximit\u00e9, des outils performants&#8230;<\/p>\n\n\n\n<div class=\"wp-block-buttons is-layout-flex wp-block-buttons-is-layout-flex\">\n<div class=\"wp-block-button\"><a class=\"wp-block-button__link wp-element-button\" href=\"https:\/\/3gimmo.com\/blog\/recrutement\/pourquoi-choisir-3g-immo\">\ud83d\udc49 Voir toutes les bonnes raisons !<\/a><\/div>\n<\/div>\n<\/div>\n<\/div>\n\n\n\n<div style=\"height:71px\" aria-hidden=\"true\" class=\"wp-block-spacer\"><\/div>\n\n\n\n<div class=\"wp-block-columns is-layout-flex wp-container-core-columns-is-layout-9d6595d7 wp-block-columns-is-layout-flex\">\n<div class=\"wp-block-column is-layout-flow wp-block-column-is-layout-flow\">\n<figure class=\"wp-block-gallery has-nested-images columns-default is-cropped wp-block-gallery-1 is-layout-flex wp-block-gallery-is-layout-flex\">\n<figure class=\"wp-block-image size-full\"><a href=\"https:\/\/3gimmo.com\/blog\/recrutement\/valeurs-3gimmo\"><img loading=\"lazy\" decoding=\"async\" width=\"800\" height=\"600\" data-id=\"399\" src=\"https:\/\/3gimmo.com\/blog\/wp-content\/uploads\/2025\/04\/page_adn_reseau.png\" alt=\"\" class=\"wp-image-399\" srcset=\"https:\/\/3gimmo.com\/blog\/wp-content\/uploads\/2025\/04\/page_adn_reseau.png 800w, https:\/\/3gimmo.com\/blog\/wp-content\/uploads\/2025\/04\/page_adn_reseau-300x225.png 300w, https:\/\/3gimmo.com\/blog\/wp-content\/uploads\/2025\/04\/page_adn_reseau-768x576.png 768w\" sizes=\"auto, (max-width: 800px) 100vw, 800px\" \/><\/a><\/figure>\n<\/figure>\n\n\n\n<h2 class=\"wp-block-heading\">Notre ADN et nos valeurs<\/h2>\n\n\n\n<p>Au service des <strong>mandataires immobiliers<\/strong> ind\u00e9pendants depuis 2006, notre r\u00e9seau s\u2019articule aujourd\u2019hui autour de professionnels exp\u00e9riment\u00e9s, motiv\u00e9s&#8230;<\/p>\n\n\n\n<div class=\"wp-block-buttons is-layout-flex wp-block-buttons-is-layout-flex\">\n<div class=\"wp-block-button\"><a class=\"wp-block-button__link wp-element-button\" href=\"https:\/\/3gimmo.com\/blog\/recrutement\/valeurs-3gimmo\">\ud83d\udc49 D\u00e9couvrez notre ADN<\/a><\/div>\n<\/div>\n<\/div>\n\n\n\n<div class=\"wp-block-column is-layout-flow wp-block-column-is-layout-flow\">\n<figure class=\"wp-block-image size-full\"><a href=\"https:\/\/3gimmo.com\/blog\/recrutement\/outils-services-3gimmo\"><img loading=\"lazy\" decoding=\"async\" width=\"800\" height=\"600\" src=\"https:\/\/3gimmo.com\/blog\/wp-content\/uploads\/2025\/04\/page_outils-services-3gimmo.png\" alt=\"\" class=\"wp-image-403\" srcset=\"https:\/\/3gimmo.com\/blog\/wp-content\/uploads\/2025\/04\/page_outils-services-3gimmo.png 800w, https:\/\/3gimmo.com\/blog\/wp-content\/uploads\/2025\/04\/page_outils-services-3gimmo-300x225.png 300w, https:\/\/3gimmo.com\/blog\/wp-content\/uploads\/2025\/04\/page_outils-services-3gimmo-768x576.png 768w\" sizes=\"auto, (max-width: 800px) 100vw, 800px\" \/><\/a><\/figure>\n\n\n\n<h2 class=\"wp-block-heading\">Nos outils et services<\/h2>\n\n\n\n<p>Chez <strong>3G IMMO<\/strong>, nous mettons \u00e0 votre disposition une gamme compl\u00e8te d&rsquo;outils et de services pour vous accompagner dans votre activit\u00e9&#8230;<\/p>\n\n\n\n<div class=\"wp-block-buttons is-layout-flex wp-block-buttons-is-layout-flex\">\n<div class=\"wp-block-button\"><a class=\"wp-block-button__link wp-element-button\" href=\"https:\/\/3gimmo.com\/blog\/recrutement\/outils-services-3gimmo\">\ud83d\udc49 Voir nos outils et services<\/a><\/div>\n<\/div>\n<\/div>\n\n\n\n<div class=\"wp-block-column is-layout-flow wp-block-column-is-layout-flow\">\n<figure class=\"wp-block-image size-full\"><a href=\"https:\/\/3gimmo.com\/blog\/recrutement\/accompagnement-marketing\"><img loading=\"lazy\" decoding=\"async\" width=\"800\" height=\"600\" src=\"https:\/\/3gimmo.com\/blog\/wp-content\/uploads\/2025\/04\/page_marketing-digital.png\" alt=\"\" class=\"wp-image-401\" srcset=\"https:\/\/3gimmo.com\/blog\/wp-content\/uploads\/2025\/04\/page_marketing-digital.png 800w, https:\/\/3gimmo.com\/blog\/wp-content\/uploads\/2025\/04\/page_marketing-digital-300x225.png 300w, https:\/\/3gimmo.com\/blog\/wp-content\/uploads\/2025\/04\/page_marketing-digital-768x576.png 768w\" sizes=\"auto, (max-width: 800px) 100vw, 800px\" \/><\/a><\/figure>\n\n\n\n<h2 class=\"wp-block-heading\">Marketing digital et visibilit\u00e9<\/h2>\n\n\n\n<p>Chez <strong>3G IMMO<\/strong>,&nbsp;nous savons qu\u2019un bon professionnel doit aussi savoir <strong>se rendre visible<\/strong>. C\u2019est pourquoi nous mettons \u00e0 votre disposition des <strong>outils de communication<\/strong>&#8230;<\/p>\n\n\n\n<div class=\"wp-block-buttons is-layout-flex wp-block-buttons-is-layout-flex\">\n<div class=\"wp-block-button\"><a class=\"wp-block-button__link wp-element-button\" href=\"https:\/\/3gimmo.com\/blog\/recrutement\/accompagnement-marketing\">\ud83d\udc49 En savoir plus<\/a><\/div>\n<\/div>\n<\/div>\n<\/div>\n\n\n\n<div style=\"height:43px\" aria-hidden=\"true\" class=\"wp-block-spacer\"><\/div>\n\n\n\n<div class=\"wp-block-columns is-layout-flex wp-container-core-columns-is-layout-9d6595d7 wp-block-columns-is-layout-flex\">\n<div class=\"wp-block-column is-layout-flow wp-block-column-is-layout-flow\">\n<figure class=\"wp-block-image size-full\"><a href=\"https:\/\/3gimmo.com\/blog\/recrutement\/temoignages-mandataires\"><img loading=\"lazy\" decoding=\"async\" width=\"800\" height=\"600\" src=\"https:\/\/3gimmo.com\/blog\/wp-content\/uploads\/2025\/04\/page_temoignages-mandataires-3gimmo.png\" alt=\"\" class=\"wp-image-405\" srcset=\"https:\/\/3gimmo.com\/blog\/wp-content\/uploads\/2025\/04\/page_temoignages-mandataires-3gimmo.png 800w, https:\/\/3gimmo.com\/blog\/wp-content\/uploads\/2025\/04\/page_temoignages-mandataires-3gimmo-300x225.png 300w, https:\/\/3gimmo.com\/blog\/wp-content\/uploads\/2025\/04\/page_temoignages-mandataires-3gimmo-768x576.png 768w\" sizes=\"auto, (max-width: 800px) 100vw, 800px\" \/><\/a><\/figure>\n<\/div>\n\n\n\n<div class=\"wp-block-column is-layout-flow wp-block-column-is-layout-flow\">\n<h2 class=\"wp-block-heading\">La parole \u00e0 ceux qui ont choisi 3G IMMO<\/h2>\n\n\n\n<p>Ils ont choisi 3G IMMO pour aller plus loin dans leur carri\u00e8re, avec plus de libert\u00e9, plus de soutien, et des outils pens\u00e9s pour les vrais <strong>pros de l&rsquo;immobilier.<\/strong><\/p>\n\n\n\n<div class=\"wp-block-buttons is-layout-flex wp-block-buttons-is-layout-flex\">\n<div class=\"wp-block-button\"><a class=\"wp-block-button__link wp-element-button\" href=\"https:\/\/3gimmo.com\/blog\/recrutement\/temoignages-mandataires\">\ud83d\udc49 D\u00e9couvrez leurs t\u00e9moignages<\/a><\/div>\n<\/div>\n<\/div>\n\n\n\n<div class=\"wp-block-column is-layout-flow wp-block-column-is-layout-flow\"><\/div>\n<\/div>\n\n\n\n<figure class=\"wp-block-image size-large\"><a href=\"https:\/\/3gimmo.com\/blog\/brochure-3gimmo\"><img loading=\"lazy\" decoding=\"async\" width=\"1024\" height=\"169\" src=\"https:\/\/3gimmo.com\/blog\/wp-content\/uploads\/2025\/04\/Ban_bandeau-recrutement_3gimmo-1024x169.png\" alt=\"\" class=\"wp-image-416\" srcset=\"https:\/\/3gimmo.com\/blog\/wp-content\/uploads\/2025\/04\/Ban_bandeau-recrutement_3gimmo-1024x169.png 1024w, https:\/\/3gimmo.com\/blog\/wp-content\/uploads\/2025\/04\/Ban_bandeau-recrutement_3gimmo-300x50.png 300w, https:\/\/3gimmo.com\/blog\/wp-content\/uploads\/2025\/04\/Ban_bandeau-recrutement_3gimmo-768x127.png 768w, https:\/\/3gimmo.com\/blog\/wp-content\/uploads\/2025\/04\/Ban_bandeau-recrutement_3gimmo.png 1210w\" sizes=\"auto, (max-width: 1024px) 100vw, 1024px\" \/><\/a><\/figure>\n","protected":false},"excerpt":{"rendered":"<p>Rejoignez le r\u00e9seau national immobilier \u00e0 taille humaine compos\u00e9 de mandataires exp\u00e9riment\u00e9s. \u2714\ufe0f Logiciel m\u00e9tier performant\u2714\ufe0f Accompagnement au quotidien\u2714\ufe0f Partenariats strat\u00e9giques\u2714\ufe0f Multidiffusion massive\u2714\ufe0f Communication impactante\u2714\ufe0f R\u00e9mun\u00e9ration avantageuse Notre offre tout inclus Deux formules de r\u00e9mun\u00e9ration qui s&rsquo;adaptent \u00e0 la r\u00e9alit\u00e9 du terrain et \u00e0 vos propres objectifs de d\u00e9veloppement&#8230; Nous rejoindre en 3 \u00e9tapes ! [&hellip;]<\/p>\n","protected":false},"author":1,"featured_media":400,"parent":0,"menu_order":10,"comment_status":"closed","ping_status":"closed","template":"","meta":{"footnotes":""},"class_list":["post-14","page","type-page","status-publish","has-post-thumbnail","hentry"],"yoast_head":"<!-- This site is optimized with the Yoast SEO plugin v24.9 - https:\/\/yoast.com\/wordpress\/plugins\/seo\/ -->\n<title>Rejoignez 3G IMMO : devenez Mandataire Immobilier Ind\u00e9pendant<\/title>\n<meta name=\"description\" content=\"Int\u00e9grez le r\u00e9seau 3G IMMO, leader national des mandataires immobiliers exp\u00e9riment\u00e9s. Profitez d&#039;un accompagnement personnalis\u00e9, d&#039;outils performants et d&#039;une r\u00e9mun\u00e9ration attractive pour r\u00e9ussir en tant que conseiller ind\u00e9pendant.\u200b\" \/>\n<meta name=\"robots\" content=\"index, follow, max-snippet:-1, max-image-preview:large, max-video-preview:-1\" \/>\n<link rel=\"canonical\" href=\"https:\/\/3gimmo.com\/blog\/recrutement\" \/>\n<meta property=\"og:locale\" content=\"fr_FR\" \/>\n<meta property=\"og:type\" content=\"article\" \/>\n<meta property=\"og:title\" content=\"Rejoignez 3G IMMO : devenez Mandataire Immobilier Ind\u00e9pendant\" \/>\n<meta property=\"og:description\" content=\"Int\u00e9grez le r\u00e9seau 3G IMMO, leader national des mandataires immobiliers exp\u00e9riment\u00e9s. Profitez d&#039;un accompagnement personnalis\u00e9, d&#039;outils performants et d&#039;une r\u00e9mun\u00e9ration attractive pour r\u00e9ussir en tant que conseiller ind\u00e9pendant.\u200b\" \/>\n<meta property=\"og:url\" content=\"https:\/\/3gimmo.com\/blog\/recrutement\" \/>\n<meta property=\"og:site_name\" content=\"Blog 3G IMMO\" \/>\n<meta property=\"article:modified_time\" content=\"2025-06-03T10:03:13+00:00\" \/>\n<meta property=\"og:image\" content=\"https:\/\/3gimmo.com\/blog\/wp-content\/uploads\/2025\/04\/page_etapes-recrutement-3gimmo.png\" \/>\n\t<meta property=\"og:image:width\" content=\"800\" \/>\n\t<meta property=\"og:image:height\" content=\"600\" \/>\n\t<meta property=\"og:image:type\" content=\"image\/png\" \/>\n<meta name=\"twitter:card\" content=\"summary_large_image\" \/>\n<meta name=\"twitter:label1\" content=\"Est. reading time\" \/>\n\t<meta name=\"twitter:data1\" content=\"4 minutes\" \/>\n<script type=\"application\/ld+json\" class=\"yoast-schema-graph\">{\"@context\":\"https:\/\/schema.org\",\"@graph\":[{\"@type\":\"WebPage\",\"@id\":\"https:\/\/3gimmo.com\/blog\/recrutement\",\"url\":\"https:\/\/3gimmo.com\/blog\/recrutement\",\"name\":\"Rejoignez 3G IMMO : devenez Mandataire Immobilier Ind\u00e9pendant\",\"isPartOf\":{\"@id\":\"https:\/\/3gimmo.com\/blog\/#website\"},\"primaryImageOfPage\":{\"@id\":\"https:\/\/3gimmo.com\/blog\/recrutement#primaryimage\"},\"image\":{\"@id\":\"https:\/\/3gimmo.com\/blog\/recrutement#primaryimage\"},\"thumbnailUrl\":\"https:\/\/3gimmo.com\/blog\/wp-content\/uploads\/2025\/04\/page_etapes-recrutement-3gimmo.png\",\"datePublished\":\"2025-04-21T21:46:07+00:00\",\"dateModified\":\"2025-06-03T10:03:13+00:00\",\"description\":\"Int\u00e9grez le r\u00e9seau 3G IMMO, leader national des mandataires immobiliers exp\u00e9riment\u00e9s. Profitez d'un accompagnement personnalis\u00e9, d'outils performants et d'une r\u00e9mun\u00e9ration attractive pour r\u00e9ussir en tant que conseiller ind\u00e9pendant.\u200b\",\"breadcrumb\":{\"@id\":\"https:\/\/3gimmo.com\/blog\/recrutement#breadcrumb\"},\"inLanguage\":\"fr-FR\",\"potentialAction\":[{\"@type\":\"ReadAction\",\"target\":[\"https:\/\/3gimmo.com\/blog\/recrutement\"]}]},{\"@type\":\"ImageObject\",\"inLanguage\":\"fr-FR\",\"@id\":\"https:\/\/3gimmo.com\/blog\/recrutement#primaryimage\",\"url\":\"https:\/\/3gimmo.com\/blog\/wp-content\/uploads\/2025\/04\/page_etapes-recrutement-3gimmo.png\",\"contentUrl\":\"https:\/\/3gimmo.com\/blog\/wp-content\/uploads\/2025\/04\/page_etapes-recrutement-3gimmo.png\",\"width\":800,\"height\":600},{\"@type\":\"BreadcrumbList\",\"@id\":\"https:\/\/3gimmo.com\/blog\/recrutement#breadcrumb\",\"itemListElement\":[{\"@type\":\"ListItem\",\"position\":1,\"name\":\"Home\",\"item\":\"https:\/\/3gimmo.com\/blog\/\"},{\"@type\":\"ListItem\",\"position\":2,\"name\":\"Rejoindre 3G IMMO |\u00a0 R\u00e9seau de mandataires immobiliers\"}]},{\"@type\":\"WebSite\",\"@id\":\"https:\/\/3gimmo.com\/blog\/#website\",\"url\":\"https:\/\/3gimmo.com\/blog\/\",\"name\":\"Blog 3G IMMO\",\"description\":\"3G IMMO d\u00e9crypte l&#039;immobilier\",\"potentialAction\":[{\"@type\":\"SearchAction\",\"target\":{\"@type\":\"EntryPoint\",\"urlTemplate\":\"https:\/\/3gimmo.com\/blog\/?s={search_term_string}\"},\"query-input\":{\"@type\":\"PropertyValueSpecification\",\"valueRequired\":true,\"valueName\":\"search_term_string\"}}],\"inLanguage\":\"fr-FR\"}]}<\/script>\n<!-- \/ Yoast SEO plugin. -->","yoast_head_json":{"title":"Rejoignez 3G IMMO : devenez Mandataire Immobilier Ind\u00e9pendant","description":"Int\u00e9grez le r\u00e9seau 3G IMMO, leader national des mandataires immobiliers exp\u00e9riment\u00e9s. Profitez d'un accompagnement personnalis\u00e9, d'outils performants et d'une r\u00e9mun\u00e9ration attractive pour r\u00e9ussir en tant que conseiller ind\u00e9pendant.\u200b","robots":{"index":"index","follow":"follow","max-snippet":"max-snippet:-1","max-image-preview":"max-image-preview:large","max-video-preview":"max-video-preview:-1"},"canonical":"https:\/\/3gimmo.com\/blog\/recrutement","og_locale":"fr_FR","og_type":"article","og_title":"Rejoignez 3G IMMO : devenez Mandataire Immobilier Ind\u00e9pendant","og_description":"Int\u00e9grez le r\u00e9seau 3G IMMO, leader national des mandataires immobiliers exp\u00e9riment\u00e9s. Profitez d'un accompagnement personnalis\u00e9, d'outils performants et d'une r\u00e9mun\u00e9ration attractive pour r\u00e9ussir en tant que conseiller ind\u00e9pendant.\u200b","og_url":"https:\/\/3gimmo.com\/blog\/recrutement","og_site_name":"Blog 3G IMMO","article_modified_time":"2025-06-03T10:03:13+00:00","og_image":[{"width":800,"height":600,"url":"https:\/\/3gimmo.com\/blog\/wp-content\/uploads\/2025\/04\/page_etapes-recrutement-3gimmo.png","type":"image\/png"}],"twitter_card":"summary_large_image","twitter_misc":{"Est. reading time":"4 minutes"},"schema":{"@context":"https:\/\/schema.org","@graph":[{"@type":"WebPage","@id":"https:\/\/3gimmo.com\/blog\/recrutement","url":"https:\/\/3gimmo.com\/blog\/recrutement","name":"Rejoignez 3G IMMO : devenez Mandataire Immobilier Ind\u00e9pendant","isPartOf":{"@id":"https:\/\/3gimmo.com\/blog\/#website"},"primaryImageOfPage":{"@id":"https:\/\/3gimmo.com\/blog\/recrutement#primaryimage"},"image":{"@id":"https:\/\/3gimmo.com\/blog\/recrutement#primaryimage"},"thumbnailUrl":"https:\/\/3gimmo.com\/blog\/wp-content\/uploads\/2025\/04\/page_etapes-recrutement-3gimmo.png","datePublished":"2025-04-21T21:46:07+00:00","dateModified":"2025-06-03T10:03:13+00:00","description":"Int\u00e9grez le r\u00e9seau 3G IMMO, leader national des mandataires immobiliers exp\u00e9riment\u00e9s. Profitez d'un accompagnement personnalis\u00e9, d'outils performants et d'une r\u00e9mun\u00e9ration attractive pour r\u00e9ussir en tant que conseiller ind\u00e9pendant.\u200b","breadcrumb":{"@id":"https:\/\/3gimmo.com\/blog\/recrutement#breadcrumb"},"inLanguage":"fr-FR","potentialAction":[{"@type":"ReadAction","target":["https:\/\/3gimmo.com\/blog\/recrutement"]}]},{"@type":"ImageObject","inLanguage":"fr-FR","@id":"https:\/\/3gimmo.com\/blog\/recrutement#primaryimage","url":"https:\/\/3gimmo.com\/blog\/wp-content\/uploads\/2025\/04\/page_etapes-recrutement-3gimmo.png","contentUrl":"https:\/\/3gimmo.com\/blog\/wp-content\/uploads\/2025\/04\/page_etapes-recrutement-3gimmo.png","width":800,"height":600},{"@type":"BreadcrumbList","@id":"https:\/\/3gimmo.com\/blog\/recrutement#breadcrumb","itemListElement":[{"@type":"ListItem","position":1,"name":"Home","item":"https:\/\/3gimmo.com\/blog\/"},{"@type":"ListItem","position":2,"name":"Rejoindre 3G IMMO |\u00a0 R\u00e9seau de mandataires immobiliers"}]},{"@type":"WebSite","@id":"https:\/\/3gimmo.com\/blog\/#website","url":"https:\/\/3gimmo.com\/blog\/","name":"Blog 3G IMMO","description":"3G IMMO d\u00e9crypte l&#039;immobilier","potentialAction":[{"@type":"SearchAction","target":{"@type":"EntryPoint","urlTemplate":"https:\/\/3gimmo.com\/blog\/?s={search_term_string}"},"query-input":{"@type":"PropertyValueSpecification","valueRequired":true,"valueName":"search_term_string"}}],"inLanguage":"fr-FR"}]}},"_links":{"self":[{"href":"https:\/\/3gimmo.com\/blog\/wp-json\/wp\/v2\/pages\/14","targetHints":{"allow":["GET"]}}],"collection":[{"href":"https:\/\/3gimmo.com\/blog\/wp-json\/wp\/v2\/pages"}],"about":[{"href":"https:\/\/3gimmo.com\/blog\/wp-json\/wp\/v2\/types\/page"}],"author":[{"embeddable":true,"href":"https:\/\/3gimmo.com\/blog\/wp-json\/wp\/v2\/users\/1"}],"replies":[{"embeddable":true,"href":"https:\/\/3gimmo.com\/blog\/wp-json\/wp\/v2\/comments?post=14"}],"version-history":[{"count":93,"href":"https:\/\/3gimmo.com\/blog\/wp-json\/wp\/v2\/pages\/14\/revisions"}],"predecessor-version":[{"id":739,"href":"https:\/\/3gimmo.com\/blog\/wp-json\/wp\/v2\/pages\/14\/revisions\/739"}],"wp:featuredmedia":[{"embeddable":true,"href":"https:\/\/3gimmo.com\/blog\/wp-json\/wp\/v2\/media\/400"}],"wp:attachment":[{"href":"https:\/\/3gimmo.com\/blog\/wp-json\/wp\/v2\/media?parent=14"}],"curies":[{"name":"wp","href":"https:\/\/api.w.org\/{rel}","templated":true}]}}