{"id":144,"date":"2025-04-23T09:02:34","date_gmt":"2025-04-23T09:02:34","guid":{"rendered":"https:\/\/3gimmo.com\/blog\/?page_id=144"},"modified":"2025-05-22T08:17:04","modified_gmt":"2025-05-22T08:17:04","slug":"pourquoi-choisir-3g-immo","status":"publish","type":"page","link":"https:\/\/3gimmo.com\/blog\/recrutement\/pourquoi-choisir-3g-immo","title":{"rendered":"Pourquoi choisir 3G IMMO ?"},"content":{"rendered":"\n<h2 class=\"wp-block-heading\">Un r\u00e9seau de mandataires immobiliers ind\u00e9pendants, exp\u00e9riment\u00e9s et bien accompagn\u00e9s<\/h2>\n\n\n\n<p>3G IMMO, c\u2019est bien plus qu\u2019un simple r\u00e9seau immobilier. C\u2019est une vision humaine, exigeante et moderne du <strong>m\u00e9tier de mandataire<\/strong>. Un accompagnement de proximit\u00e9, des <a href=\"https:\/\/3gimmo.com\/blog\/recrutement\/outils-services-3gimmo\">outils performants<\/a>, et une vraie libert\u00e9 entrepreneuriale. Voici pourquoi de plus en plus de professionnels nous rejoignent chaque ann\u00e9e.<\/p>\n\n\n\n<figure class=\"wp-block-embed is-type-video is-provider-youtube wp-block-embed-youtube wp-embed-aspect-16-9 wp-has-aspect-ratio\"><div class=\"wp-block-embed__wrapper\">\n<iframe loading=\"lazy\" title=\"[Vrai Faux sp\u00e9cial recrutement] Guillaume Toussaint r\u00e9pond \u00e0 nos questions !\" width=\"500\" height=\"281\" src=\"https:\/\/www.youtube.com\/embed\/L7FKwqKkfEE?feature=oembed\" frameborder=\"0\" allow=\"accelerometer; autoplay; clipboard-write; encrypted-media; gyroscope; picture-in-picture; web-share\" referrerpolicy=\"strict-origin-when-cross-origin\" allowfullscreen><\/iframe>\n<\/div><\/figure>\n\n\n\n<div class=\"wp-block-buttons is-layout-flex wp-block-buttons-is-layout-flex\">\n<div class=\"wp-block-button\"><a class=\"wp-block-button__link wp-element-button\" href=\"https:\/\/3gimmo.com\/blog\/brochure-3gimmo\">Demandez notre brochure \ud83d\udce9<\/a><\/div>\n<\/div>\n\n\n\n<div style=\"height:35px\" aria-hidden=\"true\" class=\"wp-block-spacer\"><\/div>\n\n\n\n<h2 class=\"wp-block-heading\">Un r\u00e9seau immobilier fond\u00e9 sur l\u2019exp\u00e9rience et la qualit\u00e9<\/h2>\n\n\n\n<p><strong><em>Le choix d\u2019un r\u00e9seau s\u00e9lectif pour des mandataires exp\u00e9riment\u00e9s<\/em><\/strong><br>Chez <strong>3G IMMO<\/strong>, nous privil\u00e9gions l\u2019expertise \u00e0 la quantit\u00e9. L\u2019entr\u00e9e dans le r\u00e9seau est r\u00e9serv\u00e9e aux professionnels ayant une r\u00e9elle exp\u00e9rience du terrain.<\/p>\n\n\n\n<ul class=\"wp-block-list\">\n<li>Un r\u00e9seau \u00e0 taille humaine<\/li>\n\n\n\n<li>Des \u00e9changes entre pairs exp\u00e9riment\u00e9s<\/li>\n\n\n\n<li>Une vraie reconnaissance des comp\u00e9tences<\/li>\n\n\n\n<li>Une ambiance bienveillante, conviviale et collaborative<\/li>\n<\/ul>\n\n\n\n<div style=\"height:35px\" aria-hidden=\"true\" class=\"wp-block-spacer\"><\/div>\n\n\n\n<h2 class=\"wp-block-heading\">Des outils performants pour simplifier votre quotidien<\/h2>\n\n\n\n<p><strong><em>Un logiciel m\u00e9tier unique, d\u00e9velopp\u00e9 en interne, tout-en-un con\u00e7u pour les mandataires immobiliers<\/em><\/strong><br>Nous d\u00e9veloppons nos propres outils pour vous garantir efficacit\u00e9, autonomie et gain de temps :<\/p>\n\n\n\n<ul class=\"wp-block-list\">\n<li>Logiciel m\u00e9tier intuitif<\/li>\n\n\n\n<li>Registre \u00e9lectronique des mandats<\/li>\n\n\n\n<li>Reporting d\u2019activit\u00e9, documents mod\u00e8les, e-signature<\/li>\n\n\n\n<li>Webinaires &amp; tutoriels int\u00e9gr\u00e9s<\/li>\n\n\n\n<li>Gestion activit\u00e9 quotidienne<\/li>\n<\/ul>\n\n\n\n<div style=\"height:35px\" aria-hidden=\"true\" class=\"wp-block-spacer\"><\/div>\n\n\n\n<h2 class=\"wp-block-heading\">Des offres de r\u00e9mun\u00e9ration adapt\u00e9es \u00e0 votre ambition<\/h2>\n\n\n\n<p><strong><em>Des formules souples pour maximiser vos revenus en toute libert\u00e9<\/em><\/strong><br>Chez <strong>3G IMMO<\/strong>, vous choisissez la <a href=\"https:\/\/3gimmo.com\/blog\/recrutement\/offres-3gimmo\">formule<\/a> qui correspond le mieux \u00e0 votre profil :<\/p>\n\n\n\n<ul class=\"wp-block-list\">\n<li>Un pack classique avec accompagnement renforc\u00e9<\/li>\n\n\n\n<li>Un pack \u00e0 tr\u00e8s forte r\u00e9mun\u00e9ration <\/li>\n\n\n\n<li>6 mois \u00e0 tarif pr\u00e9f\u00e9rentiel pour bien d\u00e9marrer<\/li>\n\n\n\n<li>Pas de mauvaise surprise, pas de frais cach\u00e9s, tout est inclus !<\/li>\n<\/ul>\n\n\n\n<div style=\"height:35px\" aria-hidden=\"true\" class=\"wp-block-spacer\"><\/div>\n\n\n\n<div class=\"wp-block-buttons is-layout-flex wp-block-buttons-is-layout-flex\">\n<div class=\"wp-block-button\"><a class=\"wp-block-button__link wp-element-button\" href=\"https:\/\/3gimmo.com\/blog\/brochure-3gimmo\">Demandez notre brochure \ud83d\udce9<\/a><\/div>\n<\/div>\n\n\n\n<div style=\"height:35px\" aria-hidden=\"true\" class=\"wp-block-spacer\"><\/div>\n\n\n\n<h2 class=\"wp-block-heading\">Une visibilit\u00e9 digitale puissante et personnalis\u00e9e<\/h2>\n\n\n\n<p><strong><em>Soyez visible partout, tout le temps, avec des outils marketing sur-mesure<\/em><\/strong><br>Nous vous aidons \u00e0 d\u00e9velopper votre <a href=\"https:\/\/3gimmo.com\/blog\/recrutement\/accompagnement-marketing\">notori\u00e9t\u00e9<\/a> en ligne :<\/p>\n\n\n\n<ul class=\"wp-block-list\">\n<li>Mini-site personnel, carte de visite virtuelle<\/li>\n\n\n\n<li>Fiche Google Business Profile<\/li>\n\n\n\n<li>Kits r\u00e9seaux sociaux mensuels<\/li>\n\n\n\n<li>Visuels personnalisables, guides pratiques, e-boutiques<\/li>\n<\/ul>\n\n\n\n<div style=\"height:35px\" aria-hidden=\"true\" class=\"wp-block-spacer\"><\/div>\n\n\n\n<h2 class=\"wp-block-heading\">Une multidiffusion massive de vos annonces<\/h2>\n\n\n\n<p>Vos biens sont visibles sur tous les portails leaders.<\/p>\n\n\n\n<ul class=\"wp-block-list\">\n<li>Pr\u00e9sence sur Leboncoin, SeLoger, Bien\u2019ici, A Vendre A Louer, Figaro etc.<\/li>\n\n\n\n<li>Portails sp\u00e9cialis\u00e9s : prestige, commerce, terrain<\/li>\n\n\n\n<li>Boosts d\u2019annonces et options premium incluses<\/li>\n\n\n\n<li>Visibilit\u00e9 internationale pour certains biens<\/li>\n<\/ul>\n\n\n\n<div style=\"height:35px\" aria-hidden=\"true\" class=\"wp-block-spacer\"><\/div>\n\n\n\n<h2 class=\"wp-block-heading\">Un accompagnement r\u00e9el, humain et durable<\/h2>\n\n\n\n<p>Vous n\u2019\u00eates jamais seul dans votre activit\u00e9<\/p>\n\n\n\n<ul class=\"wp-block-list\">\n<li>\u00c9quipe support disponible et r\u00e9active<\/li>\n\n\n\n<li>Hotline juridique, administrative et commerciale<\/li>\n\n\n\n<li>Support technique et informatique<\/li>\n\n\n\n<li>Formations ALUR &amp; modules sp\u00e9cialis\u00e9s<\/li>\n\n\n\n<li>Groupe priv\u00e9 collaboratif pour \u00e9changer entre mandataires (Facebook)<\/li>\n<\/ul>\n\n\n\n<p><strong>Pour conclure, au sein de 3G IMMO, vous \u00eates libre, bien entour\u00e9, \u00e9quip\u00e9 pour r\u00e9ussir<\/strong> <strong>et atteindre vos objectifs.<\/strong><\/p>\n\n\n\n<p>Ici, pas de promesses en l\u2019air : vous avancez \u00e0 votre rythme, avec des outils concrets, une vraie reconnaissance de votre expertise, et l\u2019\u00e9nergie d\u2019un r\u00e9seau qui place l\u2019humain au c\u0153ur de tout.<\/p>\n\n\n\n<div class=\"wp-block-buttons is-layout-flex wp-block-buttons-is-layout-flex\">\n<div class=\"wp-block-button\"><a class=\"wp-block-button__link wp-element-button\" href=\"https:\/\/3gimmo.com\/blog\/brochure-3gimmo\">Demandez notre brochure \ud83d\udce9<\/a><\/div>\n<\/div>\n\n\n\n<p><\/p>\n","protected":false},"excerpt":{"rendered":"<p>Un r\u00e9seau de mandataires immobiliers ind\u00e9pendants, exp\u00e9riment\u00e9s et bien accompagn\u00e9s 3G IMMO, c\u2019est bien plus qu\u2019un simple r\u00e9seau immobilier. C\u2019est une vision humaine, exigeante et moderne du m\u00e9tier de mandataire. Un accompagnement de proximit\u00e9, des outils performants, et une vraie libert\u00e9 entrepreneuriale. Voici pourquoi de plus en plus de professionnels nous rejoignent chaque ann\u00e9e. Un [&hellip;]<\/p>\n","protected":false},"author":1,"featured_media":0,"parent":14,"menu_order":0,"comment_status":"closed","ping_status":"closed","template":"","meta":{"footnotes":""},"class_list":["post-144","page","type-page","status-publish","hentry"],"yoast_head":"<!-- This site is optimized with the Yoast SEO plugin v24.9 - https:\/\/yoast.com\/wordpress\/plugins\/seo\/ -->\n<title>Pourquoi choisir 3G IMMO ? - Blog 3G IMMO<\/title>\n<meta name=\"robots\" content=\"index, follow, max-snippet:-1, max-image-preview:large, max-video-preview:-1\" \/>\n<link rel=\"canonical\" href=\"https:\/\/3gimmo.com\/blog\/recrutement\/pourquoi-choisir-3g-immo\" \/>\n<meta property=\"og:locale\" content=\"fr_FR\" \/>\n<meta property=\"og:type\" content=\"article\" \/>\n<meta property=\"og:title\" content=\"Pourquoi choisir 3G IMMO ? - Blog 3G IMMO\" \/>\n<meta property=\"og:description\" content=\"Un r\u00e9seau de mandataires immobiliers ind\u00e9pendants, exp\u00e9riment\u00e9s et bien accompagn\u00e9s 3G IMMO, c\u2019est bien plus qu\u2019un simple r\u00e9seau immobilier. C\u2019est une vision humaine, exigeante et moderne du m\u00e9tier de mandataire. Un accompagnement de proximit\u00e9, des outils performants, et une vraie libert\u00e9 entrepreneuriale. Voici pourquoi de plus en plus de professionnels nous rejoignent chaque ann\u00e9e. Un [&hellip;]\" \/>\n<meta property=\"og:url\" content=\"https:\/\/3gimmo.com\/blog\/recrutement\/pourquoi-choisir-3g-immo\" \/>\n<meta property=\"og:site_name\" content=\"Blog 3G IMMO\" \/>\n<meta property=\"article:modified_time\" content=\"2025-05-22T08:17:04+00:00\" \/>\n<meta name=\"twitter:card\" content=\"summary_large_image\" \/>\n<meta name=\"twitter:label1\" content=\"Est. reading time\" \/>\n\t<meta name=\"twitter:data1\" content=\"3 minutes\" \/>\n<script type=\"application\/ld+json\" class=\"yoast-schema-graph\">{\"@context\":\"https:\/\/schema.org\",\"@graph\":[{\"@type\":\"WebPage\",\"@id\":\"https:\/\/3gimmo.com\/blog\/recrutement\/pourquoi-choisir-3g-immo\",\"url\":\"https:\/\/3gimmo.com\/blog\/recrutement\/pourquoi-choisir-3g-immo\",\"name\":\"Pourquoi choisir 3G IMMO ? - Blog 3G IMMO\",\"isPartOf\":{\"@id\":\"https:\/\/3gimmo.com\/blog\/#website\"},\"datePublished\":\"2025-04-23T09:02:34+00:00\",\"dateModified\":\"2025-05-22T08:17:04+00:00\",\"breadcrumb\":{\"@id\":\"https:\/\/3gimmo.com\/blog\/recrutement\/pourquoi-choisir-3g-immo#breadcrumb\"},\"inLanguage\":\"fr-FR\",\"potentialAction\":[{\"@type\":\"ReadAction\",\"target\":[\"https:\/\/3gimmo.com\/blog\/recrutement\/pourquoi-choisir-3g-immo\"]}]},{\"@type\":\"BreadcrumbList\",\"@id\":\"https:\/\/3gimmo.com\/blog\/recrutement\/pourquoi-choisir-3g-immo#breadcrumb\",\"itemListElement\":[{\"@type\":\"ListItem\",\"position\":1,\"name\":\"Home\",\"item\":\"https:\/\/3gimmo.com\/blog\/\"},{\"@type\":\"ListItem\",\"position\":2,\"name\":\"Rejoindre 3G IMMO |\u00a0 R\u00e9seau de mandataires immobiliers\",\"item\":\"https:\/\/3gimmo.com\/blog\/recrutement\"},{\"@type\":\"ListItem\",\"position\":3,\"name\":\"Pourquoi choisir 3G IMMO ?\"}]},{\"@type\":\"WebSite\",\"@id\":\"https:\/\/3gimmo.com\/blog\/#website\",\"url\":\"https:\/\/3gimmo.com\/blog\/\",\"name\":\"Blog 3G IMMO\",\"description\":\"3G IMMO d\u00e9crypte l&#039;immobilier\",\"potentialAction\":[{\"@type\":\"SearchAction\",\"target\":{\"@type\":\"EntryPoint\",\"urlTemplate\":\"https:\/\/3gimmo.com\/blog\/?s={search_term_string}\"},\"query-input\":{\"@type\":\"PropertyValueSpecification\",\"valueRequired\":true,\"valueName\":\"search_term_string\"}}],\"inLanguage\":\"fr-FR\"}]}<\/script>\n<!-- \/ Yoast SEO plugin. -->","yoast_head_json":{"title":"Pourquoi choisir 3G IMMO ? - Blog 3G IMMO","robots":{"index":"index","follow":"follow","max-snippet":"max-snippet:-1","max-image-preview":"max-image-preview:large","max-video-preview":"max-video-preview:-1"},"canonical":"https:\/\/3gimmo.com\/blog\/recrutement\/pourquoi-choisir-3g-immo","og_locale":"fr_FR","og_type":"article","og_title":"Pourquoi choisir 3G IMMO ? - Blog 3G IMMO","og_description":"Un r\u00e9seau de mandataires immobiliers ind\u00e9pendants, exp\u00e9riment\u00e9s et bien accompagn\u00e9s 3G IMMO, c\u2019est bien plus qu\u2019un simple r\u00e9seau immobilier. C\u2019est une vision humaine, exigeante et moderne du m\u00e9tier de mandataire. Un accompagnement de proximit\u00e9, des outils performants, et une vraie libert\u00e9 entrepreneuriale. Voici pourquoi de plus en plus de professionnels nous rejoignent chaque ann\u00e9e. Un [&hellip;]","og_url":"https:\/\/3gimmo.com\/blog\/recrutement\/pourquoi-choisir-3g-immo","og_site_name":"Blog 3G IMMO","article_modified_time":"2025-05-22T08:17:04+00:00","twitter_card":"summary_large_image","twitter_misc":{"Est. reading time":"3 minutes"},"schema":{"@context":"https:\/\/schema.org","@graph":[{"@type":"WebPage","@id":"https:\/\/3gimmo.com\/blog\/recrutement\/pourquoi-choisir-3g-immo","url":"https:\/\/3gimmo.com\/blog\/recrutement\/pourquoi-choisir-3g-immo","name":"Pourquoi choisir 3G IMMO ? - Blog 3G IMMO","isPartOf":{"@id":"https:\/\/3gimmo.com\/blog\/#website"},"datePublished":"2025-04-23T09:02:34+00:00","dateModified":"2025-05-22T08:17:04+00:00","breadcrumb":{"@id":"https:\/\/3gimmo.com\/blog\/recrutement\/pourquoi-choisir-3g-immo#breadcrumb"},"inLanguage":"fr-FR","potentialAction":[{"@type":"ReadAction","target":["https:\/\/3gimmo.com\/blog\/recrutement\/pourquoi-choisir-3g-immo"]}]},{"@type":"BreadcrumbList","@id":"https:\/\/3gimmo.com\/blog\/recrutement\/pourquoi-choisir-3g-immo#breadcrumb","itemListElement":[{"@type":"ListItem","position":1,"name":"Home","item":"https:\/\/3gimmo.com\/blog\/"},{"@type":"ListItem","position":2,"name":"Rejoindre 3G IMMO |\u00a0 R\u00e9seau de mandataires immobiliers","item":"https:\/\/3gimmo.com\/blog\/recrutement"},{"@type":"ListItem","position":3,"name":"Pourquoi choisir 3G IMMO ?"}]},{"@type":"WebSite","@id":"https:\/\/3gimmo.com\/blog\/#website","url":"https:\/\/3gimmo.com\/blog\/","name":"Blog 3G IMMO","description":"3G IMMO d\u00e9crypte l&#039;immobilier","potentialAction":[{"@type":"SearchAction","target":{"@type":"EntryPoint","urlTemplate":"https:\/\/3gimmo.com\/blog\/?s={search_term_string}"},"query-input":{"@type":"PropertyValueSpecification","valueRequired":true,"valueName":"search_term_string"}}],"inLanguage":"fr-FR"}]}},"_links":{"self":[{"href":"https:\/\/3gimmo.com\/blog\/wp-json\/wp\/v2\/pages\/144","targetHints":{"allow":["GET"]}}],"collection":[{"href":"https:\/\/3gimmo.com\/blog\/wp-json\/wp\/v2\/pages"}],"about":[{"href":"https:\/\/3gimmo.com\/blog\/wp-json\/wp\/v2\/types\/page"}],"author":[{"embeddable":true,"href":"https:\/\/3gimmo.com\/blog\/wp-json\/wp\/v2\/users\/1"}],"replies":[{"embeddable":true,"href":"https:\/\/3gimmo.com\/blog\/wp-json\/wp\/v2\/comments?post=144"}],"version-history":[{"count":18,"href":"https:\/\/3gimmo.com\/blog\/wp-json\/wp\/v2\/pages\/144\/revisions"}],"predecessor-version":[{"id":623,"href":"https:\/\/3gimmo.com\/blog\/wp-json\/wp\/v2\/pages\/144\/revisions\/623"}],"up":[{"embeddable":true,"href":"https:\/\/3gimmo.com\/blog\/wp-json\/wp\/v2\/pages\/14"}],"wp:attachment":[{"href":"https:\/\/3gimmo.com\/blog\/wp-json\/wp\/v2\/media?parent=144"}],"curies":[{"name":"wp","href":"https:\/\/api.w.org\/{rel}","templated":true}]}}