{"id":164,"date":"2025-04-23T09:25:42","date_gmt":"2025-04-23T09:25:42","guid":{"rendered":"https:\/\/3gimmo.com\/blog\/?page_id=164"},"modified":"2025-04-28T07:59:20","modified_gmt":"2025-04-28T07:59:20","slug":"nous-rejoindre","status":"publish","type":"page","link":"https:\/\/3gimmo.com\/blog\/recrutement\/nous-rejoindre","title":{"rendered":"Rejoignez-nous en 3 \u00e9tapes !"},"content":{"rendered":"\n<h2 class=\"wp-block-heading\">Votre int\u00e9gration chez 3G IMMO : simple, fluide et personnalis\u00e9e<\/h2>\n\n\n\n<p>Parce qu\u2019un bon d\u00e9part est la cl\u00e9 d\u2019une activit\u00e9 r\u00e9ussie, nous avons con\u00e7u un <strong>parcours d\u2019int\u00e9gration clair, rapide et humain<\/strong>, avec un accompagnement sur-mesure d\u00e8s les premiers \u00e9changes.<\/p>\n\n\n\n<p>En 3 grandes \u00e9tapes, vous rejoignez un r\u00e9seau solide, tout en gardant le contr\u00f4le sur votre rythme et vos ambitions.<\/p>\n\n\n\n<h2 class=\"wp-block-heading\">&nbsp;\u00c9tape 1 : un premier contact humain et pro<\/h2>\n\n\n\n<p>\u2714\ufe0f<strong> Entretiens t\u00e9l\u00e9phoniques personnalis\u00e9s (3G IMMO)<br><\/strong>D\u00e8s votre prise de contact, un membre de notre \u00e9quipe vous appelle pour \u00e9changer sur votre parcours, vos attentes, votre vision du m\u00e9tier, pr\u00e9senter le r\u00e9seau et nos <a href=\"https:\/\/3gimmo.com\/blog\/recrutement\/offres-3gimmo\">offres<\/a> ainsi que r\u00e9pondre \u00e0 toutes vos questions.<\/p>\n\n\n\n<p>\u2714\ufe0f<strong> \u00c9tude de votre profil et de vos objectifs<br><\/strong>Nous prenons le temps de comprendre votre projet pour vous proposer l\u2019<a href=\"https:\/\/3gimmo.com\/blog\/recrutement\/offres-3gimmo\">offre<\/a> la plus adapt\u00e9e \u00e0 votre activit\u00e9 et \u00e0 votre profil.<\/p>\n\n\n\n<figure class=\"wp-block-image size-large is-resized\"><img loading=\"lazy\" decoding=\"async\" width=\"1024\" height=\"492\" src=\"https:\/\/3gimmo.com\/blog\/wp-content\/uploads\/2025\/04\/offre_3gimmo-1024x492.png\" alt=\"\" class=\"wp-image-466\" style=\"width:433px;height:auto\" srcset=\"https:\/\/3gimmo.com\/blog\/wp-content\/uploads\/2025\/04\/offre_3gimmo-1024x492.png 1024w, https:\/\/3gimmo.com\/blog\/wp-content\/uploads\/2025\/04\/offre_3gimmo-300x144.png 300w, https:\/\/3gimmo.com\/blog\/wp-content\/uploads\/2025\/04\/offre_3gimmo-768x369.png 768w, https:\/\/3gimmo.com\/blog\/wp-content\/uploads\/2025\/04\/offre_3gimmo.png 1300w\" sizes=\"auto, (max-width: 1024px) 100vw, 1024px\" \/><\/figure>\n\n\n\n<h2 class=\"wp-block-heading\">\u00c9tape 2 : formalit\u00e9s simples et 100% d\u00e9mat\u00e9rialis\u00e9es<\/h2>\n\n\n\n<p><strong>\u2714\ufe0f R\u00e9ception de vos \u00e9l\u00e9ments (VOUS)<br><\/strong> Vous nous transmettez les premiers documents n\u00e9cessaires (infos administratives\u2026).<\/p>\n\n\n\n<p><strong>\u2714\ufe0f Envoi du contrat d\u00e9mat\u00e9rialis\u00e9 (3G IMMO)<br><\/strong> Nous vous faisons parvenir votre contrat en ligne, pour une signature rapide et s\u00e9curis\u00e9e.<\/p>\n\n\n\n<p><strong>\u2714\ufe0f Signature du contrat (VOUS)<br><\/strong> Vous signez \u00e9lectroniquement, sans impression ni d\u00e9placement. Simple et rapide.<\/p>\n\n\n\n<h2 class=\"wp-block-heading\">\u00c9tape 3 : mise en ligne, d\u00e9marrage et accompagnement<\/h2>\n\n\n\n<p>\u2714\ufe0f<strong> Finalisation du dossier administratif (VOUS)<\/strong><\/p>\n\n\n\n<p><strong>\u2714\ufe0f Mise en ligne &amp; d\u00e9marrage de l&rsquo;accompagnement (VOUS &amp; NOUS)<br><\/strong> Votre profil est mis en ligne quand vous le souhaitez (rien est fait sans votre accord), vous \u00eates officiellement mandataire 3G IMMO.<br>Vous entrez dans le programme d\u2019accompagnement : premiers <a href=\"https:\/\/3gimmo.com\/blog\/recrutement\/outils-services-3gimmo\">outils<\/a>, formations, tutoriels, mini-site, r\u00e9seaux sociaux, hotlines\u2026 tout est pr\u00eat pour que vous d\u00e9marriez dans les meilleures conditions.<\/p>\n\n\n\n<p>Vous \u00eates accompagn\u00e9 pas \u00e0 pas, sans perdre de temps ni vous sentir seul.<br><strong>3G IMMO, c\u2019est la libert\u00e9 de l\u2019ind\u00e9pendance avec la force d\u2019un r\u00e9seau \u00e0 vos c\u00f4t\u00e9s.<\/strong><\/p>\n\n\n\n<div style=\"height:36px\" aria-hidden=\"true\" class=\"wp-block-spacer\"><\/div>\n\n\n\n<div class=\"wp-block-buttons is-layout-flex wp-block-buttons-is-layout-flex\">\n<div class=\"wp-block-button\"><a class=\"wp-block-button__link wp-element-button\" href=\"https:\/\/3gimmo.com\/blog\/brochure-3gimmo\">\ud83d\udc49 Envie de nous rejoindre ? Contactez-nous d\u00e8s maintenant !<\/a><\/div>\n<\/div>\n\n\n\n<p><\/p>\n","protected":false},"excerpt":{"rendered":"<p>Votre int\u00e9gration chez 3G IMMO : simple, fluide et personnalis\u00e9e Parce qu\u2019un bon d\u00e9part est la cl\u00e9 d\u2019une activit\u00e9 r\u00e9ussie, nous avons con\u00e7u un parcours d\u2019int\u00e9gration clair, rapide et humain, avec un accompagnement sur-mesure d\u00e8s les premiers \u00e9changes. En 3 grandes \u00e9tapes, vous rejoignez un r\u00e9seau solide, tout en gardant le contr\u00f4le sur votre rythme [&hellip;]<\/p>\n","protected":false},"author":1,"featured_media":0,"parent":14,"menu_order":0,"comment_status":"closed","ping_status":"closed","template":"","meta":{"footnotes":""},"class_list":["post-164","page","type-page","status-publish","hentry"],"yoast_head":"<!-- This site is optimized with the Yoast SEO plugin v24.9 - https:\/\/yoast.com\/wordpress\/plugins\/seo\/ -->\n<title>Rejoignez-nous en 3 \u00e9tapes ! R\u00e9seau de mandataires 3G IMMO<\/title>\n<meta name=\"description\" content=\"D\u00e9couvrez comment int\u00e9grer facilement le r\u00e9seau 3G IMMO en 3 \u00e9tapes simples : premier contact personnalis\u00e9, formalit\u00e9s d\u00e9mat\u00e9rialis\u00e9es et accompagnement sur mesure. Lancez votre carri\u00e8re de mandataire immobilier avec un r\u00e9seau humain et performant.\u200b\" \/>\n<meta name=\"robots\" content=\"index, follow, max-snippet:-1, max-image-preview:large, max-video-preview:-1\" \/>\n<link rel=\"canonical\" href=\"https:\/\/3gimmo.com\/blog\/recrutement\/nous-rejoindre\" \/>\n<meta property=\"og:locale\" content=\"fr_FR\" \/>\n<meta property=\"og:type\" content=\"article\" \/>\n<meta property=\"og:title\" content=\"Rejoignez-nous en 3 \u00e9tapes ! R\u00e9seau de mandataires 3G IMMO\" \/>\n<meta property=\"og:description\" content=\"D\u00e9couvrez comment int\u00e9grer facilement le r\u00e9seau 3G IMMO en 3 \u00e9tapes simples : premier contact personnalis\u00e9, formalit\u00e9s d\u00e9mat\u00e9rialis\u00e9es et accompagnement sur mesure. Lancez votre carri\u00e8re de mandataire immobilier avec un r\u00e9seau humain et performant.\u200b\" \/>\n<meta property=\"og:url\" content=\"https:\/\/3gimmo.com\/blog\/recrutement\/nous-rejoindre\" \/>\n<meta property=\"og:site_name\" content=\"Blog 3G IMMO\" \/>\n<meta property=\"article:modified_time\" content=\"2025-04-28T07:59:20+00:00\" \/>\n<meta property=\"og:image\" content=\"https:\/\/3gimmo.com\/blog\/wp-content\/uploads\/2025\/04\/offre_3gimmo.png\" \/>\n\t<meta property=\"og:image:width\" content=\"1300\" \/>\n\t<meta property=\"og:image:height\" content=\"625\" \/>\n\t<meta property=\"og:image:type\" content=\"image\/png\" \/>\n<meta name=\"twitter:card\" content=\"summary_large_image\" \/>\n<meta name=\"twitter:label1\" content=\"Est. reading time\" \/>\n\t<meta name=\"twitter:data1\" content=\"2 minutes\" \/>\n<script type=\"application\/ld+json\" class=\"yoast-schema-graph\">{\"@context\":\"https:\/\/schema.org\",\"@graph\":[{\"@type\":\"WebPage\",\"@id\":\"https:\/\/3gimmo.com\/blog\/recrutement\/nous-rejoindre\",\"url\":\"https:\/\/3gimmo.com\/blog\/recrutement\/nous-rejoindre\",\"name\":\"Rejoignez-nous en 3 \u00e9tapes ! R\u00e9seau de mandataires 3G IMMO\",\"isPartOf\":{\"@id\":\"https:\/\/3gimmo.com\/blog\/#website\"},\"primaryImageOfPage\":{\"@id\":\"https:\/\/3gimmo.com\/blog\/recrutement\/nous-rejoindre#primaryimage\"},\"image\":{\"@id\":\"https:\/\/3gimmo.com\/blog\/recrutement\/nous-rejoindre#primaryimage\"},\"thumbnailUrl\":\"https:\/\/3gimmo.com\/blog\/wp-content\/uploads\/2025\/04\/offre_3gimmo-1024x492.png\",\"datePublished\":\"2025-04-23T09:25:42+00:00\",\"dateModified\":\"2025-04-28T07:59:20+00:00\",\"description\":\"D\u00e9couvrez comment int\u00e9grer facilement le r\u00e9seau 3G IMMO en 3 \u00e9tapes simples : premier contact personnalis\u00e9, formalit\u00e9s d\u00e9mat\u00e9rialis\u00e9es et accompagnement sur mesure. Lancez votre carri\u00e8re de mandataire immobilier avec un r\u00e9seau humain et performant.\u200b\",\"breadcrumb\":{\"@id\":\"https:\/\/3gimmo.com\/blog\/recrutement\/nous-rejoindre#breadcrumb\"},\"inLanguage\":\"fr-FR\",\"potentialAction\":[{\"@type\":\"ReadAction\",\"target\":[\"https:\/\/3gimmo.com\/blog\/recrutement\/nous-rejoindre\"]}]},{\"@type\":\"ImageObject\",\"inLanguage\":\"fr-FR\",\"@id\":\"https:\/\/3gimmo.com\/blog\/recrutement\/nous-rejoindre#primaryimage\",\"url\":\"https:\/\/3gimmo.com\/blog\/wp-content\/uploads\/2025\/04\/offre_3gimmo.png\",\"contentUrl\":\"https:\/\/3gimmo.com\/blog\/wp-content\/uploads\/2025\/04\/offre_3gimmo.png\",\"width\":1300,\"height\":625},{\"@type\":\"BreadcrumbList\",\"@id\":\"https:\/\/3gimmo.com\/blog\/recrutement\/nous-rejoindre#breadcrumb\",\"itemListElement\":[{\"@type\":\"ListItem\",\"position\":1,\"name\":\"Home\",\"item\":\"https:\/\/3gimmo.com\/blog\/\"},{\"@type\":\"ListItem\",\"position\":2,\"name\":\"Rejoindre 3G IMMO |\u00a0 R\u00e9seau de mandataires immobiliers\",\"item\":\"https:\/\/3gimmo.com\/blog\/recrutement\"},{\"@type\":\"ListItem\",\"position\":3,\"name\":\"Rejoignez-nous en 3 \u00e9tapes !\"}]},{\"@type\":\"WebSite\",\"@id\":\"https:\/\/3gimmo.com\/blog\/#website\",\"url\":\"https:\/\/3gimmo.com\/blog\/\",\"name\":\"Blog 3G IMMO\",\"description\":\"3G IMMO d\u00e9crypte l&#039;immobilier\",\"potentialAction\":[{\"@type\":\"SearchAction\",\"target\":{\"@type\":\"EntryPoint\",\"urlTemplate\":\"https:\/\/3gimmo.com\/blog\/?s={search_term_string}\"},\"query-input\":{\"@type\":\"PropertyValueSpecification\",\"valueRequired\":true,\"valueName\":\"search_term_string\"}}],\"inLanguage\":\"fr-FR\"}]}<\/script>\n<!-- \/ Yoast SEO plugin. -->","yoast_head_json":{"title":"Rejoignez-nous en 3 \u00e9tapes ! R\u00e9seau de mandataires 3G IMMO","description":"D\u00e9couvrez comment int\u00e9grer facilement le r\u00e9seau 3G IMMO en 3 \u00e9tapes simples : premier contact personnalis\u00e9, formalit\u00e9s d\u00e9mat\u00e9rialis\u00e9es et accompagnement sur mesure. Lancez votre carri\u00e8re de mandataire immobilier avec un r\u00e9seau humain et performant.\u200b","robots":{"index":"index","follow":"follow","max-snippet":"max-snippet:-1","max-image-preview":"max-image-preview:large","max-video-preview":"max-video-preview:-1"},"canonical":"https:\/\/3gimmo.com\/blog\/recrutement\/nous-rejoindre","og_locale":"fr_FR","og_type":"article","og_title":"Rejoignez-nous en 3 \u00e9tapes ! R\u00e9seau de mandataires 3G IMMO","og_description":"D\u00e9couvrez comment int\u00e9grer facilement le r\u00e9seau 3G IMMO en 3 \u00e9tapes simples : premier contact personnalis\u00e9, formalit\u00e9s d\u00e9mat\u00e9rialis\u00e9es et accompagnement sur mesure. Lancez votre carri\u00e8re de mandataire immobilier avec un r\u00e9seau humain et performant.\u200b","og_url":"https:\/\/3gimmo.com\/blog\/recrutement\/nous-rejoindre","og_site_name":"Blog 3G IMMO","article_modified_time":"2025-04-28T07:59:20+00:00","og_image":[{"width":1300,"height":625,"url":"https:\/\/3gimmo.com\/blog\/wp-content\/uploads\/2025\/04\/offre_3gimmo.png","type":"image\/png"}],"twitter_card":"summary_large_image","twitter_misc":{"Est. reading time":"2 minutes"},"schema":{"@context":"https:\/\/schema.org","@graph":[{"@type":"WebPage","@id":"https:\/\/3gimmo.com\/blog\/recrutement\/nous-rejoindre","url":"https:\/\/3gimmo.com\/blog\/recrutement\/nous-rejoindre","name":"Rejoignez-nous en 3 \u00e9tapes ! R\u00e9seau de mandataires 3G IMMO","isPartOf":{"@id":"https:\/\/3gimmo.com\/blog\/#website"},"primaryImageOfPage":{"@id":"https:\/\/3gimmo.com\/blog\/recrutement\/nous-rejoindre#primaryimage"},"image":{"@id":"https:\/\/3gimmo.com\/blog\/recrutement\/nous-rejoindre#primaryimage"},"thumbnailUrl":"https:\/\/3gimmo.com\/blog\/wp-content\/uploads\/2025\/04\/offre_3gimmo-1024x492.png","datePublished":"2025-04-23T09:25:42+00:00","dateModified":"2025-04-28T07:59:20+00:00","description":"D\u00e9couvrez comment int\u00e9grer facilement le r\u00e9seau 3G IMMO en 3 \u00e9tapes simples : premier contact personnalis\u00e9, formalit\u00e9s d\u00e9mat\u00e9rialis\u00e9es et accompagnement sur mesure. Lancez votre carri\u00e8re de mandataire immobilier avec un r\u00e9seau humain et performant.\u200b","breadcrumb":{"@id":"https:\/\/3gimmo.com\/blog\/recrutement\/nous-rejoindre#breadcrumb"},"inLanguage":"fr-FR","potentialAction":[{"@type":"ReadAction","target":["https:\/\/3gimmo.com\/blog\/recrutement\/nous-rejoindre"]}]},{"@type":"ImageObject","inLanguage":"fr-FR","@id":"https:\/\/3gimmo.com\/blog\/recrutement\/nous-rejoindre#primaryimage","url":"https:\/\/3gimmo.com\/blog\/wp-content\/uploads\/2025\/04\/offre_3gimmo.png","contentUrl":"https:\/\/3gimmo.com\/blog\/wp-content\/uploads\/2025\/04\/offre_3gimmo.png","width":1300,"height":625},{"@type":"BreadcrumbList","@id":"https:\/\/3gimmo.com\/blog\/recrutement\/nous-rejoindre#breadcrumb","itemListElement":[{"@type":"ListItem","position":1,"name":"Home","item":"https:\/\/3gimmo.com\/blog\/"},{"@type":"ListItem","position":2,"name":"Rejoindre 3G IMMO |\u00a0 R\u00e9seau de mandataires immobiliers","item":"https:\/\/3gimmo.com\/blog\/recrutement"},{"@type":"ListItem","position":3,"name":"Rejoignez-nous en 3 \u00e9tapes !"}]},{"@type":"WebSite","@id":"https:\/\/3gimmo.com\/blog\/#website","url":"https:\/\/3gimmo.com\/blog\/","name":"Blog 3G IMMO","description":"3G IMMO d\u00e9crypte l&#039;immobilier","potentialAction":[{"@type":"SearchAction","target":{"@type":"EntryPoint","urlTemplate":"https:\/\/3gimmo.com\/blog\/?s={search_term_string}"},"query-input":{"@type":"PropertyValueSpecification","valueRequired":true,"valueName":"search_term_string"}}],"inLanguage":"fr-FR"}]}},"_links":{"self":[{"href":"https:\/\/3gimmo.com\/blog\/wp-json\/wp\/v2\/pages\/164","targetHints":{"allow":["GET"]}}],"collection":[{"href":"https:\/\/3gimmo.com\/blog\/wp-json\/wp\/v2\/pages"}],"about":[{"href":"https:\/\/3gimmo.com\/blog\/wp-json\/wp\/v2\/types\/page"}],"author":[{"embeddable":true,"href":"https:\/\/3gimmo.com\/blog\/wp-json\/wp\/v2\/users\/1"}],"replies":[{"embeddable":true,"href":"https:\/\/3gimmo.com\/blog\/wp-json\/wp\/v2\/comments?post=164"}],"version-history":[{"count":9,"href":"https:\/\/3gimmo.com\/blog\/wp-json\/wp\/v2\/pages\/164\/revisions"}],"predecessor-version":[{"id":489,"href":"https:\/\/3gimmo.com\/blog\/wp-json\/wp\/v2\/pages\/164\/revisions\/489"}],"up":[{"embeddable":true,"href":"https:\/\/3gimmo.com\/blog\/wp-json\/wp\/v2\/pages\/14"}],"wp:attachment":[{"href":"https:\/\/3gimmo.com\/blog\/wp-json\/wp\/v2\/media?parent=164"}],"curies":[{"name":"wp","href":"https:\/\/api.w.org\/{rel}","templated":true}]}}