{"id":243,"date":"2025-04-23T13:44:56","date_gmt":"2025-04-23T13:44:56","guid":{"rendered":"https:\/\/3gimmo.com\/blog\/?page_id=243"},"modified":"2025-07-03T13:57:35","modified_gmt":"2025-07-03T13:57:35","slug":"temoignages-mandataires","status":"publish","type":"page","link":"https:\/\/3gimmo.com\/blog\/recrutement\/temoignages-mandataires","title":{"rendered":"La parole \u00e0 ceux qui ont choisi 3G IMMO"},"content":{"rendered":"\n<p>Ici, les <strong>mandataires immobiliers<\/strong> ne sont pas des d\u00e9butants : ce sont des <strong>professionnels<\/strong> aguerris, passionn\u00e9s, et engag\u00e9s. Ils ont choisi 3G IMMO pour aller plus loin dans leur carri\u00e8re, avec plus de libert\u00e9, plus de soutien, et des <a href=\"https:\/\/3gimmo.com\/blog\/recrutement\/outils-services-3gimmo\">outils<\/a> pens\u00e9s pour les vrais <strong>pros de l&rsquo;immobilier.<\/strong><br>D\u00e9couvrez leurs t\u00e9moignages : ils vous parleront de ce que signifie vraiment \u00e9voluer dans <strong>un r\u00e9seau fait par et pour des experts<\/strong>.<\/p>\n\n\n\n<h2 class=\"wp-block-heading\"><strong>98% des mandataires immobiliers 3G IMMO sont satisfaits ! *<\/strong> <strong>Faites-nous confiance !<\/strong><\/h2>\n\n\n\n<div class=\"wp-block-columns is-layout-flex wp-container-core-columns-is-layout-9d6595d7 wp-block-columns-is-layout-flex\">\n<div class=\"wp-block-column is-layout-flow wp-block-column-is-layout-flow\">\n<figure class=\"wp-block-gallery has-nested-images columns-default is-cropped wp-block-gallery-1 is-layout-flex wp-block-gallery-is-layout-flex\">\n<figure class=\"wp-block-image size-full\"><img loading=\"lazy\" decoding=\"async\" width=\"800\" height=\"600\" data-id=\"455\" src=\"https:\/\/3gimmo.com\/blog\/wp-content\/uploads\/2025\/04\/image_jalil-cghtouki.png\" alt=\"\" class=\"wp-image-455\" srcset=\"https:\/\/3gimmo.com\/blog\/wp-content\/uploads\/2025\/04\/image_jalil-cghtouki.png 800w, https:\/\/3gimmo.com\/blog\/wp-content\/uploads\/2025\/04\/image_jalil-cghtouki-300x225.png 300w, https:\/\/3gimmo.com\/blog\/wp-content\/uploads\/2025\/04\/image_jalil-cghtouki-768x576.png 768w\" sizes=\"auto, (max-width: 800px) 100vw, 800px\" \/><\/figure>\n<\/figure>\n\n\n\n<p class=\"has-text-align-center\"><strong>Jalil Chtouki<\/strong><br>Mandataire 3G IMMO<br>depuis 2012<\/p>\n\n\n\n<p class=\"has-text-align-left\">Agent commercial chez <strong>3G IMMO<\/strong> depuis 12 ans environ, je n&rsquo;y ai eu aucune mauvaise surprise. L&rsquo;\u00e9quipe au si\u00e8ge est comp\u00e9tente, performante et m\u00eame&#8230;sympathique ! Mes confr\u00e8res de ce r\u00e9seau sont pratiquement tous des professionnels aguerris. De quoi faire de l&rsquo;excellent travail dans la bonne humeur.<\/p>\n\n\n\n<div class=\"wp-block-columns is-layout-flex wp-container-core-columns-is-layout-9d6595d7 wp-block-columns-is-layout-flex\">\n<div class=\"wp-block-column is-layout-flow wp-block-column-is-layout-flow\"><\/div>\n\n\n\n<div class=\"wp-block-column is-layout-flow wp-block-column-is-layout-flow\"><\/div>\n\n\n\n<div class=\"wp-block-column is-layout-flow wp-block-column-is-layout-flow\"><\/div>\n<\/div>\n<\/div>\n\n\n\n<div class=\"wp-block-column is-layout-flow wp-block-column-is-layout-flow\">\n<figure class=\"wp-block-image size-full\"><img loading=\"lazy\" decoding=\"async\" width=\"800\" height=\"600\" src=\"https:\/\/3gimmo.com\/blog\/wp-content\/uploads\/2025\/04\/image_catherine-deforge.png\" alt=\"\" class=\"wp-image-446\" srcset=\"https:\/\/3gimmo.com\/blog\/wp-content\/uploads\/2025\/04\/image_catherine-deforge.png 800w, https:\/\/3gimmo.com\/blog\/wp-content\/uploads\/2025\/04\/image_catherine-deforge-300x225.png 300w, https:\/\/3gimmo.com\/blog\/wp-content\/uploads\/2025\/04\/image_catherine-deforge-768x576.png 768w\" sizes=\"auto, (max-width: 800px) 100vw, 800px\" \/><\/figure>\n\n\n\n<p class=\"has-text-align-center\"><strong>Catherine Deforge<\/strong><br>Mandataire 3G IMMO<br>depuis 2014<\/p>\n\n\n\n<p>Chez <strong>3G IMMO <\/strong>depuis plus de 10 ans, je suis toujours heureuse d&rsquo;avoir fait ce bon choix ! Un r\u00e9seau s\u00e9rieux, une excellente diffusion de nos annonces, un staff au top, des coll\u00e8gues exp\u00e9riment\u00e9s avec qui j&rsquo;ai plaisir de collaborer ! Je recommande <strong>3G IMMO , le r\u00e9seau des pros !<\/strong><\/p>\n\n\n\n<p><\/p>\n\n\n\n<p><\/p>\n<\/div>\n\n\n\n<div class=\"wp-block-column is-layout-flow wp-block-column-is-layout-flow\">\n<figure class=\"wp-block-image size-full\"><img loading=\"lazy\" decoding=\"async\" width=\"800\" height=\"600\" src=\"https:\/\/3gimmo.com\/blog\/wp-content\/uploads\/2025\/04\/image_nathalie-gavelle.png\" alt=\"\" class=\"wp-image-452\" srcset=\"https:\/\/3gimmo.com\/blog\/wp-content\/uploads\/2025\/04\/image_nathalie-gavelle.png 800w, https:\/\/3gimmo.com\/blog\/wp-content\/uploads\/2025\/04\/image_nathalie-gavelle-300x225.png 300w, https:\/\/3gimmo.com\/blog\/wp-content\/uploads\/2025\/04\/image_nathalie-gavelle-768x576.png 768w\" sizes=\"auto, (max-width: 800px) 100vw, 800px\" \/><\/figure>\n\n\n\n<p class=\"has-text-align-center\"><strong>Nathalie Gavelle<\/strong><br>Mandataire 3G IMMO<br>depuis 2017<\/p>\n\n\n\n<p>Je suis fi\u00e8re de faire partie de <strong>3G IMMO<\/strong>. Leur engagement envers leurs <strong>mandataires immobiliers ind\u00e9pendants<\/strong>, leur expertise du march\u00e9 et leur utilisation de technologies innovantes font de cette soci\u00e9t\u00e9 un choix exceptionnel pour les clients cherchant un service immobilier de qualit\u00e9. Recommand\u00e9 sans r\u00e9serve !!!<\/p>\n<\/div>\n\n\n\n<div class=\"wp-block-column is-layout-flow wp-block-column-is-layout-flow\">\n<figure class=\"wp-block-image size-full\"><img loading=\"lazy\" decoding=\"async\" width=\"800\" height=\"600\" src=\"https:\/\/3gimmo.com\/blog\/wp-content\/uploads\/2025\/04\/image_sylvie-valdenaire.png\" alt=\"\" class=\"wp-image-453\" srcset=\"https:\/\/3gimmo.com\/blog\/wp-content\/uploads\/2025\/04\/image_sylvie-valdenaire.png 800w, https:\/\/3gimmo.com\/blog\/wp-content\/uploads\/2025\/04\/image_sylvie-valdenaire-300x225.png 300w, https:\/\/3gimmo.com\/blog\/wp-content\/uploads\/2025\/04\/image_sylvie-valdenaire-768x576.png 768w\" sizes=\"auto, (max-width: 800px) 100vw, 800px\" \/><\/figure>\n\n\n\n<p class=\"has-text-align-center\"><strong>Sylvie Valdenaire<\/strong><br>Mandataire 3G IMMO<br>depuis 2022<\/p>\n\n\n\n<p>Nous avons chang\u00e9 d&rsquo;enseigne il y a plus de 2 ans et aucun regret ! L&rsquo;\u00e9quipe est toujours \u00e0 votre \u00e9coute, r\u00e9active et sympathique. Les agents <strong>3G IMMO<\/strong> sont des pros, c&rsquo;est un crit\u00e8re de recrutement\u2026 La commission est tr\u00e8s raisonnable et le plus important : ce r\u00e9seau mise avant tout sur l&rsquo;<strong>humain<\/strong>, c&rsquo;est ce que nous avons ressenti au premier contact avec Guillaume, le dirigeant. Ne changez pas !<\/p>\n<\/div>\n<\/div>\n\n\n\n<div class=\"wp-block-buttons is-layout-flex wp-block-buttons-is-layout-flex\">\n<div class=\"wp-block-button\"><a class=\"wp-block-button__link wp-element-button\" href=\"https:\/\/3gimmo.com\/blog\/brochure-3gimmo\">Faites comme eux, rejoignez 3G IMMO ! Demandez votre brochure \ud83d\udce9<\/a><\/div>\n<\/div>\n\n\n\n<div style=\"height:48px\" aria-hidden=\"true\" class=\"wp-block-spacer\"><\/div>\n\n\n\n<div class=\"wp-block-columns is-layout-flex wp-container-core-columns-is-layout-9d6595d7 wp-block-columns-is-layout-flex\">\n<div class=\"wp-block-column is-layout-flow wp-block-column-is-layout-flow\">\n<figure class=\"wp-block-gallery has-nested-images columns-default is-cropped wp-block-gallery-2 is-layout-flex wp-block-gallery-is-layout-flex\">\n<figure class=\"wp-block-image size-full\"><img loading=\"lazy\" decoding=\"async\" width=\"800\" height=\"600\" data-id=\"448\" src=\"https:\/\/3gimmo.com\/blog\/wp-content\/uploads\/2025\/04\/image_fabien-cassutti.png\" alt=\"\" class=\"wp-image-448\" srcset=\"https:\/\/3gimmo.com\/blog\/wp-content\/uploads\/2025\/04\/image_fabien-cassutti.png 800w, https:\/\/3gimmo.com\/blog\/wp-content\/uploads\/2025\/04\/image_fabien-cassutti-300x225.png 300w, https:\/\/3gimmo.com\/blog\/wp-content\/uploads\/2025\/04\/image_fabien-cassutti-768x576.png 768w\" sizes=\"auto, (max-width: 800px) 100vw, 800px\" \/><\/figure>\n<\/figure>\n\n\n\n<p class=\"has-text-align-center\"><strong>Fabien Cassutti<\/strong> <br>Mandataire 3G IMMO<br>depuis 2019<\/p>\n\n\n\n<p class=\"has-text-align-left\"><strong>3G IMMO <\/strong>c&rsquo;est avant tout une grande famille o\u00f9 l&rsquo;immobilier est r\u00e9solument tourn\u00e9 vers l&rsquo;humain. Guillaume et toute l&rsquo;\u00e9quipe du back-office sont l\u00e0 pour nous faciliter la vie avec bienveillance et bonne humeur. Ce r\u00e9seau est constitu\u00e9 essentiellement de professionnels aguerris, ce qui facilite les relations de travail. R\u00e9solument tourn\u00e9 vers l&rsquo;avenir, il ne cesse de s&rsquo;am\u00e9liorer et de se moderniser d&rsquo;ann\u00e9e en ann\u00e9e. Je le recommande vivement \u00e0 tous ceux qui cherchent un r\u00e9seau performant o\u00f9 on se sent chez soit, cela fait 5 ans que j&rsquo;ai rejoins ce magnifique r\u00e9seau et je m&rsquo;y sens vraiment bien. Merci \u00e0 toute l&rsquo;\u00e9quipe <strong>3G IMMO<\/strong>.<\/p>\n\n\n\n<div class=\"wp-block-columns is-layout-flex wp-container-core-columns-is-layout-9d6595d7 wp-block-columns-is-layout-flex\">\n<div class=\"wp-block-column is-layout-flow wp-block-column-is-layout-flow\"><\/div>\n\n\n\n<div class=\"wp-block-column is-layout-flow wp-block-column-is-layout-flow\"><\/div>\n\n\n\n<div class=\"wp-block-column is-layout-flow wp-block-column-is-layout-flow\"><\/div>\n<\/div>\n<\/div>\n\n\n\n<div class=\"wp-block-column is-layout-flow wp-block-column-is-layout-flow\">\n<figure class=\"wp-block-image size-full\"><img loading=\"lazy\" decoding=\"async\" width=\"800\" height=\"600\" src=\"https:\/\/3gimmo.com\/blog\/wp-content\/uploads\/2025\/07\/image_veronique-goyenaga.png\" alt=\"\" class=\"wp-image-810\" srcset=\"https:\/\/3gimmo.com\/blog\/wp-content\/uploads\/2025\/07\/image_veronique-goyenaga.png 800w, https:\/\/3gimmo.com\/blog\/wp-content\/uploads\/2025\/07\/image_veronique-goyenaga-300x225.png 300w, https:\/\/3gimmo.com\/blog\/wp-content\/uploads\/2025\/07\/image_veronique-goyenaga-768x576.png 768w\" sizes=\"auto, (max-width: 800px) 100vw, 800px\" \/><\/figure>\n\n\n\n<p class=\"has-text-align-center\"><strong>V\u00e9ronique Goyenaga<\/strong><br>Mandataire 3G IMMO<br>depuis 2024<\/p>\n\n\n\n<p class=\"has-text-align-left\">J\u2019ai rejoint le r\u00e9seau <strong>3G IMMO<\/strong> r\u00e9cemment, et j&rsquo;en suis <strong>enti\u00e8rement satisfaite<\/strong>. Je suis entour\u00e9e de coll\u00e8gues confirm\u00e9s, exp\u00e9riment\u00e9s, et qui connaissent parfaitement les d\u00e9fis du m\u00e9tier. Le si\u00e8ge est toujours <strong>disponible pour nous accompagner<\/strong>, les formations propos\u00e9es sont de qualit\u00e9, et la diffusion de mes annonces est optimale. Un <strong>r\u00e9seau solide et professionnel<\/strong> que je recommande sans h\u00e9sitation !<\/p>\n\n\n\n<p><\/p>\n<\/div>\n\n\n\n<div class=\"wp-block-column is-layout-flow wp-block-column-is-layout-flow\">\n<figure class=\"wp-block-image size-full\"><img loading=\"lazy\" decoding=\"async\" width=\"800\" height=\"600\" src=\"https:\/\/3gimmo.com\/blog\/wp-content\/uploads\/2025\/07\/image_nathalie-brunel.png\" alt=\"\" class=\"wp-image-817\" srcset=\"https:\/\/3gimmo.com\/blog\/wp-content\/uploads\/2025\/07\/image_nathalie-brunel.png 800w, https:\/\/3gimmo.com\/blog\/wp-content\/uploads\/2025\/07\/image_nathalie-brunel-300x225.png 300w, https:\/\/3gimmo.com\/blog\/wp-content\/uploads\/2025\/07\/image_nathalie-brunel-768x576.png 768w\" sizes=\"auto, (max-width: 800px) 100vw, 800px\" \/><\/figure>\n\n\n\n<p class=\"has-text-align-center\"><strong>Nathalie Brunel<\/strong><br>Mandataire 3G IMMO<br>depuis 2023<\/p>\n\n\n\n<p>Apr\u00e8s 13 ann\u00e9es dans une agence, j&rsquo;ai d\u00e9missionn\u00e9 pour rejoindre ce r\u00e9seau. Aucun regret, rien de comparable ! Un r\u00e9seau national <strong>humain, r\u00e9actif, comp\u00e9tent<\/strong> et tr\u00e8s abordable &#8230;. ! <br>Je recommande sans h\u00e9sitation &#8230;<\/p>\n<\/div>\n\n\n\n<div class=\"wp-block-column is-layout-flow wp-block-column-is-layout-flow\">\n<figure class=\"wp-block-image size-full\"><img loading=\"lazy\" decoding=\"async\" width=\"800\" height=\"600\" src=\"https:\/\/3gimmo.com\/blog\/wp-content\/uploads\/2025\/04\/image_christian-barre.png\" alt=\"\" class=\"wp-image-447\" srcset=\"https:\/\/3gimmo.com\/blog\/wp-content\/uploads\/2025\/04\/image_christian-barre.png 800w, https:\/\/3gimmo.com\/blog\/wp-content\/uploads\/2025\/04\/image_christian-barre-300x225.png 300w, https:\/\/3gimmo.com\/blog\/wp-content\/uploads\/2025\/04\/image_christian-barre-768x576.png 768w\" sizes=\"auto, (max-width: 800px) 100vw, 800px\" \/><\/figure>\n\n\n\n<p class=\"has-text-align-center\"><strong>Christian Barre<\/strong><br>Mandataire 3G IMMO<br>depuis 2014<\/p>\n\n\n\n<p>Remarquable r\u00e9seau o\u00f9 l&rsquo;<strong>humain<\/strong> reste l&rsquo;objectif majeur. R\u00e9activit\u00e9 de l&rsquo;\u00e9quipe, r\u00e9ponses \u00e0 toutes les questions permettant de ma\u00eetriser l&rsquo;activit\u00e9 et de progresser. Toutes les applications et tous les outils sont mis en place pour r\u00e9ussir. Des formations fondamentales existent pour am\u00e9liorer les connaissances et les comp\u00e9tences de chaque agent et non pour satisfaire des statistiques qui ne servent \u00e0 rien. Les motivations individuelles et collectives sont alors omnipr\u00e9sentes. En conclusion un <strong>vrai r\u00e9seau pour r\u00e9ussir<\/strong> !!!<\/p>\n<\/div>\n<\/div>\n\n\n\n<div class=\"wp-block-buttons is-layout-flex wp-block-buttons-is-layout-flex\">\n<div class=\"wp-block-button\"><a class=\"wp-block-button__link wp-element-button\" href=\"https:\/\/3gimmo.com\/blog\/brochure-3gimmo\">Faites comme eux, rejoignez 3G IMMO ! Demandez votre brochure \ud83d\udce9<\/a><\/div>\n<\/div>\n\n\n\n<p>(* Selon les avis Google 3G IMMO)<\/p>\n\n\n\n<p><\/p>\n","protected":false},"excerpt":{"rendered":"<p>Ici, les mandataires immobiliers ne sont pas des d\u00e9butants : ce sont des professionnels aguerris, passionn\u00e9s, et engag\u00e9s. Ils ont choisi 3G IMMO pour aller plus loin dans leur carri\u00e8re, avec plus de libert\u00e9, plus de soutien, et des outils pens\u00e9s pour les vrais pros de l&rsquo;immobilier.D\u00e9couvrez leurs t\u00e9moignages : ils vous parleront de ce [&hellip;]<\/p>\n","protected":false},"author":1,"featured_media":0,"parent":14,"menu_order":0,"comment_status":"closed","ping_status":"closed","template":"","meta":{"footnotes":""},"class_list":["post-243","page","type-page","status-publish","hentry"],"yoast_head":"<!-- This site is optimized with the Yoast SEO plugin v24.9 - https:\/\/yoast.com\/wordpress\/plugins\/seo\/ -->\n<title>La parole \u00e0 ceux qui ont choisi 3G IMMO - Blog 3G IMMO<\/title>\n<meta name=\"robots\" content=\"index, follow, max-snippet:-1, max-image-preview:large, max-video-preview:-1\" \/>\n<link rel=\"canonical\" href=\"https:\/\/3gimmo.com\/blog\/recrutement\/temoignages-mandataires\" \/>\n<meta property=\"og:locale\" content=\"fr_FR\" \/>\n<meta property=\"og:type\" content=\"article\" \/>\n<meta property=\"og:title\" content=\"La parole \u00e0 ceux qui ont choisi 3G IMMO - Blog 3G IMMO\" \/>\n<meta property=\"og:description\" content=\"Ici, les mandataires immobiliers ne sont pas des d\u00e9butants : ce sont des professionnels aguerris, passionn\u00e9s, et engag\u00e9s. Ils ont choisi 3G IMMO pour aller plus loin dans leur carri\u00e8re, avec plus de libert\u00e9, plus de soutien, et des outils pens\u00e9s pour les vrais pros de l&rsquo;immobilier.D\u00e9couvrez leurs t\u00e9moignages : ils vous parleront de ce [&hellip;]\" \/>\n<meta property=\"og:url\" content=\"https:\/\/3gimmo.com\/blog\/recrutement\/temoignages-mandataires\" \/>\n<meta property=\"og:site_name\" content=\"Blog 3G IMMO\" \/>\n<meta property=\"article:modified_time\" content=\"2025-07-03T13:57:35+00:00\" \/>\n<meta property=\"og:image\" content=\"https:\/\/3gimmo.com\/blog\/wp-content\/uploads\/2025\/04\/image_jalil-cghtouki.png\" \/>\n\t<meta property=\"og:image:width\" content=\"800\" \/>\n\t<meta property=\"og:image:height\" content=\"600\" \/>\n\t<meta property=\"og:image:type\" content=\"image\/png\" \/>\n<meta name=\"twitter:card\" content=\"summary_large_image\" \/>\n<meta name=\"twitter:label1\" content=\"Est. reading time\" \/>\n\t<meta name=\"twitter:data1\" content=\"5 minutes\" \/>\n<script type=\"application\/ld+json\" class=\"yoast-schema-graph\">{\"@context\":\"https:\/\/schema.org\",\"@graph\":[{\"@type\":\"WebPage\",\"@id\":\"https:\/\/3gimmo.com\/blog\/recrutement\/temoignages-mandataires\",\"url\":\"https:\/\/3gimmo.com\/blog\/recrutement\/temoignages-mandataires\",\"name\":\"La parole \u00e0 ceux qui ont choisi 3G IMMO - Blog 3G IMMO\",\"isPartOf\":{\"@id\":\"https:\/\/3gimmo.com\/blog\/#website\"},\"primaryImageOfPage\":{\"@id\":\"https:\/\/3gimmo.com\/blog\/recrutement\/temoignages-mandataires#primaryimage\"},\"image\":{\"@id\":\"https:\/\/3gimmo.com\/blog\/recrutement\/temoignages-mandataires#primaryimage\"},\"thumbnailUrl\":\"https:\/\/3gimmo.com\/blog\/wp-content\/uploads\/2025\/04\/image_jalil-cghtouki.png\",\"datePublished\":\"2025-04-23T13:44:56+00:00\",\"dateModified\":\"2025-07-03T13:57:35+00:00\",\"breadcrumb\":{\"@id\":\"https:\/\/3gimmo.com\/blog\/recrutement\/temoignages-mandataires#breadcrumb\"},\"inLanguage\":\"fr-FR\",\"potentialAction\":[{\"@type\":\"ReadAction\",\"target\":[\"https:\/\/3gimmo.com\/blog\/recrutement\/temoignages-mandataires\"]}]},{\"@type\":\"ImageObject\",\"inLanguage\":\"fr-FR\",\"@id\":\"https:\/\/3gimmo.com\/blog\/recrutement\/temoignages-mandataires#primaryimage\",\"url\":\"https:\/\/3gimmo.com\/blog\/wp-content\/uploads\/2025\/04\/image_jalil-cghtouki.png\",\"contentUrl\":\"https:\/\/3gimmo.com\/blog\/wp-content\/uploads\/2025\/04\/image_jalil-cghtouki.png\",\"width\":800,\"height\":600},{\"@type\":\"BreadcrumbList\",\"@id\":\"https:\/\/3gimmo.com\/blog\/recrutement\/temoignages-mandataires#breadcrumb\",\"itemListElement\":[{\"@type\":\"ListItem\",\"position\":1,\"name\":\"Home\",\"item\":\"https:\/\/3gimmo.com\/blog\/\"},{\"@type\":\"ListItem\",\"position\":2,\"name\":\"Rejoindre 3G IMMO |\u00a0 R\u00e9seau de mandataires immobiliers\",\"item\":\"https:\/\/3gimmo.com\/blog\/recrutement\"},{\"@type\":\"ListItem\",\"position\":3,\"name\":\"La parole \u00e0 ceux qui ont choisi 3G IMMO\"}]},{\"@type\":\"WebSite\",\"@id\":\"https:\/\/3gimmo.com\/blog\/#website\",\"url\":\"https:\/\/3gimmo.com\/blog\/\",\"name\":\"Blog 3G IMMO\",\"description\":\"3G IMMO d\u00e9crypte l&#039;immobilier\",\"potentialAction\":[{\"@type\":\"SearchAction\",\"target\":{\"@type\":\"EntryPoint\",\"urlTemplate\":\"https:\/\/3gimmo.com\/blog\/?s={search_term_string}\"},\"query-input\":{\"@type\":\"PropertyValueSpecification\",\"valueRequired\":true,\"valueName\":\"search_term_string\"}}],\"inLanguage\":\"fr-FR\"}]}<\/script>\n<!-- \/ Yoast SEO plugin. -->","yoast_head_json":{"title":"La parole \u00e0 ceux qui ont choisi 3G IMMO - Blog 3G IMMO","robots":{"index":"index","follow":"follow","max-snippet":"max-snippet:-1","max-image-preview":"max-image-preview:large","max-video-preview":"max-video-preview:-1"},"canonical":"https:\/\/3gimmo.com\/blog\/recrutement\/temoignages-mandataires","og_locale":"fr_FR","og_type":"article","og_title":"La parole \u00e0 ceux qui ont choisi 3G IMMO - Blog 3G IMMO","og_description":"Ici, les mandataires immobiliers ne sont pas des d\u00e9butants : ce sont des professionnels aguerris, passionn\u00e9s, et engag\u00e9s. Ils ont choisi 3G IMMO pour aller plus loin dans leur carri\u00e8re, avec plus de libert\u00e9, plus de soutien, et des outils pens\u00e9s pour les vrais pros de l&rsquo;immobilier.D\u00e9couvrez leurs t\u00e9moignages : ils vous parleront de ce [&hellip;]","og_url":"https:\/\/3gimmo.com\/blog\/recrutement\/temoignages-mandataires","og_site_name":"Blog 3G IMMO","article_modified_time":"2025-07-03T13:57:35+00:00","og_image":[{"width":800,"height":600,"url":"https:\/\/3gimmo.com\/blog\/wp-content\/uploads\/2025\/04\/image_jalil-cghtouki.png","type":"image\/png"}],"twitter_card":"summary_large_image","twitter_misc":{"Est. reading time":"5 minutes"},"schema":{"@context":"https:\/\/schema.org","@graph":[{"@type":"WebPage","@id":"https:\/\/3gimmo.com\/blog\/recrutement\/temoignages-mandataires","url":"https:\/\/3gimmo.com\/blog\/recrutement\/temoignages-mandataires","name":"La parole \u00e0 ceux qui ont choisi 3G IMMO - Blog 3G IMMO","isPartOf":{"@id":"https:\/\/3gimmo.com\/blog\/#website"},"primaryImageOfPage":{"@id":"https:\/\/3gimmo.com\/blog\/recrutement\/temoignages-mandataires#primaryimage"},"image":{"@id":"https:\/\/3gimmo.com\/blog\/recrutement\/temoignages-mandataires#primaryimage"},"thumbnailUrl":"https:\/\/3gimmo.com\/blog\/wp-content\/uploads\/2025\/04\/image_jalil-cghtouki.png","datePublished":"2025-04-23T13:44:56+00:00","dateModified":"2025-07-03T13:57:35+00:00","breadcrumb":{"@id":"https:\/\/3gimmo.com\/blog\/recrutement\/temoignages-mandataires#breadcrumb"},"inLanguage":"fr-FR","potentialAction":[{"@type":"ReadAction","target":["https:\/\/3gimmo.com\/blog\/recrutement\/temoignages-mandataires"]}]},{"@type":"ImageObject","inLanguage":"fr-FR","@id":"https:\/\/3gimmo.com\/blog\/recrutement\/temoignages-mandataires#primaryimage","url":"https:\/\/3gimmo.com\/blog\/wp-content\/uploads\/2025\/04\/image_jalil-cghtouki.png","contentUrl":"https:\/\/3gimmo.com\/blog\/wp-content\/uploads\/2025\/04\/image_jalil-cghtouki.png","width":800,"height":600},{"@type":"BreadcrumbList","@id":"https:\/\/3gimmo.com\/blog\/recrutement\/temoignages-mandataires#breadcrumb","itemListElement":[{"@type":"ListItem","position":1,"name":"Home","item":"https:\/\/3gimmo.com\/blog\/"},{"@type":"ListItem","position":2,"name":"Rejoindre 3G IMMO |\u00a0 R\u00e9seau de mandataires immobiliers","item":"https:\/\/3gimmo.com\/blog\/recrutement"},{"@type":"ListItem","position":3,"name":"La parole \u00e0 ceux qui ont choisi 3G IMMO"}]},{"@type":"WebSite","@id":"https:\/\/3gimmo.com\/blog\/#website","url":"https:\/\/3gimmo.com\/blog\/","name":"Blog 3G IMMO","description":"3G IMMO d\u00e9crypte l&#039;immobilier","potentialAction":[{"@type":"SearchAction","target":{"@type":"EntryPoint","urlTemplate":"https:\/\/3gimmo.com\/blog\/?s={search_term_string}"},"query-input":{"@type":"PropertyValueSpecification","valueRequired":true,"valueName":"search_term_string"}}],"inLanguage":"fr-FR"}]}},"_links":{"self":[{"href":"https:\/\/3gimmo.com\/blog\/wp-json\/wp\/v2\/pages\/243","targetHints":{"allow":["GET"]}}],"collection":[{"href":"https:\/\/3gimmo.com\/blog\/wp-json\/wp\/v2\/pages"}],"about":[{"href":"https:\/\/3gimmo.com\/blog\/wp-json\/wp\/v2\/types\/page"}],"author":[{"embeddable":true,"href":"https:\/\/3gimmo.com\/blog\/wp-json\/wp\/v2\/users\/1"}],"replies":[{"embeddable":true,"href":"https:\/\/3gimmo.com\/blog\/wp-json\/wp\/v2\/comments?post=243"}],"version-history":[{"count":26,"href":"https:\/\/3gimmo.com\/blog\/wp-json\/wp\/v2\/pages\/243\/revisions"}],"predecessor-version":[{"id":819,"href":"https:\/\/3gimmo.com\/blog\/wp-json\/wp\/v2\/pages\/243\/revisions\/819"}],"up":[{"embeddable":true,"href":"https:\/\/3gimmo.com\/blog\/wp-json\/wp\/v2\/pages\/14"}],"wp:attachment":[{"href":"https:\/\/3gimmo.com\/blog\/wp-json\/wp\/v2\/media?parent=243"}],"curies":[{"name":"wp","href":"https:\/\/api.w.org\/{rel}","templated":true}]}}