{"id":89,"date":"2025-04-23T08:12:38","date_gmt":"2025-04-23T08:12:38","guid":{"rendered":"https:\/\/3gimmo.com\/blog\/?page_id=89"},"modified":"2025-06-12T15:04:21","modified_gmt":"2025-06-12T15:04:21","slug":"valeurs-3gimmo","status":"publish","type":"page","link":"https:\/\/3gimmo.com\/blog\/recrutement\/valeurs-3gimmo","title":{"rendered":"Notre ADN et nos valeurs : un r\u00e9seau humain tourn\u00e9 vers la r\u00e9ussite"},"content":{"rendered":"\n<h2 class=\"wp-block-heading\">L&rsquo;ADN de notre r\u00e9seau 3G IMMO&nbsp;<\/h2>\n\n\n\n<p>Au service des <strong>mandataires immobiliers<\/strong> ind\u00e9pendants depuis 2006, notre r\u00e9seau s\u2019articule aujourd\u2019hui autour de <strong>mandataires immobiliers<\/strong> exp\u00e9riment\u00e9s, motiv\u00e9s et ambitieux qui trouvent une v\u00e9ritable synergie tant au niveau de l\u2019\u00e9quipe pr\u00e9sente au si\u00e8ge social que des <a href=\"https:\/\/3gimmo.com\/blog\/recrutement\/outils-services-3gimmo\">outils<\/a> et de la <a href=\"https:\/\/3gimmo.com\/blog\/recrutement\/offres-3gimmo\">r\u00e9mun\u00e9ration<\/a> propos\u00e9e.<\/p>\n\n\n\n<p>\u2714\ufe0f <strong>Notre communaut\u00e9<\/strong> : des ind\u00e9pendants exp\u00e9riment\u00e9s, qui ne peuvent int\u00e9grer le r\u00e9seau sans un fort savoir-faire terrain mais \u00e9galement des valeurs<br>\u2714\ufe0f <strong>Notre diff\u00e9rence<\/strong> : un r\u00e9seau \u00e0 taille humaine, propice aux \u00e9changes et \u00e0 la proximit\u00e9<br>\u2714\ufe0f <strong>Le choix<\/strong> : un d\u00e9veloppement raisonn\u00e9, ax\u00e9 sur la qualit\u00e9 plut\u00f4t que la quantit\u00e9<br>\u2714\ufe0f <strong>Notre impact<\/strong> : mettre en valeur l\u2019expertise et le savoir-faire de chaque mandataire<br>\u2714\ufe0f <strong>L\u2019exp\u00e9rience<\/strong> : premier crit\u00e8re de s\u00e9lection pour garantir un haut niveau de comp\u00e9tences<br>\u2714\ufe0f <strong>L\u2019\u00e9quilibre<\/strong> : une alliance entre ind\u00e9pendance et accompagnement <br>\u2714\ufe0f <strong>La connaissance de son secteur<\/strong> : des mandataires experts de leur secteur g\u00e9ographique, connus et reconnus comme les sp\u00e9cialistes de la transaction immobili\u00e8re<\/p>\n\n\n\n<div class=\"wp-block-group is-nowrap is-layout-flex wp-container-core-group-is-layout-ad2f72ca wp-block-group-is-layout-flex\">\n<p><a href=\"https:\/\/3gimmo.com\/blog\/wp-admin\/edit.php?post_type=page\"><\/a><\/p>\n\n\n\n<p><em>D\u00e9couvrez l&rsquo;interview de Guillaume Toussaint lors du RENT 2024 par La Maison des Mandataires.<\/em><\/p>\n<\/div>\n\n\n\n<figure class=\"wp-block-embed alignleft is-type-video is-provider-youtube wp-block-embed-youtube wp-embed-aspect-16-9 wp-has-aspect-ratio\"><div class=\"wp-block-embed__wrapper\">\n<iframe loading=\"lazy\" title=\"3G IMMO - Guillaume Toussaint - Interview RENT 2024\" width=\"500\" height=\"281\" src=\"https:\/\/www.youtube.com\/embed\/NTB4BiesS2I?feature=oembed\" frameborder=\"0\" allow=\"accelerometer; autoplay; clipboard-write; encrypted-media; gyroscope; picture-in-picture; web-share\" referrerpolicy=\"strict-origin-when-cross-origin\" allowfullscreen><\/iframe>\n<\/div><\/figure>\n\n\n\n<h2 class=\"wp-block-heading\">Les valeurs d\u2019un r\u00e9seau de mandataires immobiliers engag\u00e9s<\/h2>\n\n\n\n<p><strong><em>L&rsquo;immobilier nous rassemble, l&rsquo;humain nous relie.&nbsp;<\/em><\/strong><\/p>\n\n\n\n<p>3G IMMO, c\u2019est un r\u00e9seau fond\u00e9 sur des valeurs fortes : <strong>exp\u00e9rience, expertise, \u00e9coute, bienveillance, r\u00e9activit\u00e9 et accompagnement<\/strong>.<br>Nous recrutons des mandataires immobiliers ind\u00e9pendants \u00e0 la fois passionn\u00e9s par le terrain et engag\u00e9s dans une d\u00e9marche de <strong>qualit\u00e9, de proximit\u00e9 et de conseil<\/strong>.<br>Un r\u00e9seau \u00e0 taille humaine, un vrai esprit de <strong>famille<\/strong>, une culture du <strong>professionnalisme<\/strong>, et surtout une ambition commune : <strong>la qualit\u00e9 avant tout<\/strong>.<\/p>\n\n\n\n<h2 class=\"wp-block-heading\">3G IMMO en quelques chiffres<\/h2>\n\n\n\n<div style=\"height:71px\" aria-hidden=\"true\" class=\"wp-block-spacer\"><\/div>\n\n\n\n    <div id=\"ContainerLimitNosChiffre\">\n        <div id=\"ContainerNosChiffre\">\n            <div id=\"ContainerVignetteNosChiffre\">\n                <div class=\"byPassScrollMarge\"><\/div>\n\n                                    <div class=\"vignetteContainerNosChiffre animate__animated animate__zoomIn\">\n                        <div class=\"ContainerSVGnosChiffre\">\n                            <svg xmlns=\"http:\/\/www.w3.org\/2000\/svg\" viewBox=\"0 0 640 512\" width=\"54.287\"><path id=\"Icon_awesome-money-bill-wave\" d=\"M72 88a56 56 0 1 1 112 0A56 56 0 1 1 72 88zM64 245.7C54 256.9 48 271.8 48 288s6 31.1 16 42.3V245.7zm144.4-49.3C178.7 222.7 160 261.2 160 304c0 34.3 12 65.8 32 90.5V416c0 17.7-14.3 32-32 32H96c-17.7 0-32-14.3-32-32V389.2C26.2 371.2 0 332.7 0 288c0-61.9 50.1-112 112-112h32c24 0 46.2 7.5 64.4 20.3zM448 416V394.5c20-24.7 32-56.2 32-90.5c0-42.8-18.7-81.3-48.4-107.7C449.8 183.5 472 176 496 176h32c61.9 0 112 50.1 112 112c0 44.7-26.2 83.2-64 101.2V416c0 17.7-14.3 32-32 32H480c-17.7 0-32-14.3-32-32zm8-328a56 56 0 1 1 112 0A56 56 0 1 1 456 88zM576 245.7v84.7c10-11.3 16-26.1 16-42.3s-6-31.1-16-42.3zM320 32a64 64 0 1 1 0 128 64 64 0 1 1 0-128zM240 304c0 16.2 6 31 16 42.3V261.7c-10 11.3-16 26.1-16 42.3zm144-42.3v84.7c10-11.3 16-26.1 16-42.3s-6-31.1-16-42.3zM448 304c0 44.7-26.2 83.2-64 101.2V448c0 17.7-14.3 32-32 32H288c-17.7 0-32-14.3-32-32V405.2c-37.8-18-64-56.5-64-101.2c0-61.9 50.1-112 112-112h32c61.9 0 112 50.1 112 112z\" transform=\"translate(0 -2.25)\" fill=\"#87d301\"><\/path><\/svg>                        <\/div>\n                        <p class=\"TitreVignetteNosChiffre\">2006<\/p>\n                        <p class=\"TexteVignetteNosChiffre\">Cr\u00e9ation du r\u00e9seau 3G IMMO<\/p>\n                    <\/div>\n                                    <div class=\"vignetteContainerNosChiffre animate__animated animate__zoomIn\">\n                        <div class=\"ContainerSVGnosChiffre\">\n                            <svg xmlns=\"http:\/\/www.w3.org\/2000\/svg\" width=\"64.015\" height=\"57.715\" viewBox=\"0 0 64.015 57.715\">\n                            <g id=\"Icon_ionic-ios-man\" data-name=\"Icon ionic-ios-man\" transform=\"translate(0)\">\n                                <path id=\"Trac\u00e9_1\" data-name=\"Trac\u00e9 1\" d=\"M20.261,12.019h-.024a5.447,5.447,0,1,1,5.471-5.447,5.46,5.46,0,0,1-5.447,5.447Z\" transform=\"translate(-6.589 -1.125)\" fill=\"#87d301\"><\/path>\n                                <path id=\"Trac\u00e9_2\" data-name=\"Trac\u00e9 2\" d=\"M19.507,53.9c-1.731,0-3.246-1.263-3.246-3.655l.12-33.379h-1.2V29.489a2.917,2.917,0,0,1-.77,2.2,2.555,2.555,0,0,1-3.655,0,2.9,2.9,0,0,1-.77-2.2V14.868a6.945,6.945,0,0,1,1.659-4.617,6.141,6.141,0,0,1,4.689-2.164H31.039a6.112,6.112,0,0,1,4.689,2.176,6.914,6.914,0,0,1,1.659,4.605V29.489a2.85,2.85,0,0,1-.794,2.2,2.7,2.7,0,0,1-3.727,0,2.85,2.85,0,0,1-.794-2.2V16.863H30.99V50.242A3.368,3.368,0,0,1,27.648,53.9c-1.611,0-3.162-1.118-3.295-3.583V33.336H22.91V50.278A3.42,3.42,0,0,1,19.507,53.9Z\" transform=\"translate(-9.984 3.818)\" fill=\"#87d301\"><\/path>\n                            <\/g>\n                            <g id=\"Icon_ionic-ios-woman\" data-name=\"Icon ionic-ios-woman\" transform=\"translate(33.222)\">\n                                <path id=\"Trac\u00e9_3\" data-name=\"Trac\u00e9 3\" d=\"M28.01,54a2.661,2.661,0,0,1-1.924-.794,3.085,3.085,0,0,1-.854-2.236V36.611H23.561V50.967a3.023,3.023,0,0,1-.89,2.249,2.848,2.848,0,0,1-3.92,0,3,3,0,0,1-.89-2.249V36.611H12.583L17.934,16.1h-.818l-2.934,10.87a2.733,2.733,0,0,1-2.573,2.14h0a2.558,2.558,0,0,1-2.044-1.046,3.244,3.244,0,0,1-.433-2.874l3.487-12.517a6.573,6.573,0,0,1,5.856-4.725H30.307c3.415.144,5.3,3.126,5.832,4.677l.012.048,3.487,12.541a3.275,3.275,0,0,1-.469,2.886,2.575,2.575,0,0,1-2.032,1.034,2.734,2.734,0,0,1-2.561-2.176v-.024L31.654,16.1h-.926L36.2,36.611H30.776V50.967a3.085,3.085,0,0,1-.854,2.236A2.633,2.633,0,0,1,28.01,54Z\" transform=\"translate(-8.983 3.718)\" fill=\"#87d301\"><\/path>\n                                <path id=\"Trac\u00e9_4\" data-name=\"Trac\u00e9 4\" d=\"M20.185,11.995A5.367,5.367,0,0,1,14.906,6.56a5.281,5.281,0,1,1,10.557,0A5.367,5.367,0,0,1,20.185,11.995Z\" transform=\"translate(-4.777 -1.125)\" fill=\"#87d301\"><\/path>\n                            <\/g>\n                        <\/svg>                        <\/div>\n                        <p class=\"TitreVignetteNosChiffre\">668<\/p>\n                        <p class=\"TexteVignetteNosChiffre\">mandataires membres du r\u00e9seau<\/p>\n                    <\/div>\n                                    <div class=\"vignetteContainerNosChiffre animate__animated animate__zoomIn\">\n                        <div class=\"ContainerSVGnosChiffre\">\n                            <svg xmlns=\"http:\/\/www.w3.org\/2000\/svg\" width=\"60.151\" height=\"48.121\" viewBox=\"0 0 60.151 48.121\">\n                            <path id=\"Icon_awesome-business-time\" data-name=\"Icon awesome-business-time\" d=\"M46.617,21.053A13.534,13.534,0,1,0,60.151,34.587,13.527,13.527,0,0,0,46.617,21.053Zm6.015,14.125a.915.915,0,0,1-.913.913H46.027a.915.915,0,0,1-.913-.913v-7.2a.915.915,0,0,1,.913-.913h1.181a.915.915,0,0,1,.913.913v5.1h3.6a.915.915,0,0,1,.913.913ZM46.617,18.045c.508,0,1.008.031,1.5.076V13.534a4.625,4.625,0,0,0-4.511-4.511H36.091V4.511A4.625,4.625,0,0,0,31.579,0H16.542A4.625,4.625,0,0,0,12.03,4.511V9.023H4.511A4.625,4.625,0,0,0,0,13.534v7.519H37.136A16.44,16.44,0,0,1,46.617,18.045ZM30.075,9.023H18.045V6.015h12.03Zm.641,21.053H19.549a1.5,1.5,0,0,1-1.5-1.5V24.06H0V37.594a4.625,4.625,0,0,0,4.511,4.511H31.9a16.32,16.32,0,0,1-1.185-12.03Z\" fill=\"#87d301\"><\/path>\n                        <\/svg>                        <\/div>\n                        <p class=\"TitreVignetteNosChiffre\">3284<\/p>\n                        <p class=\"TexteVignetteNosChiffre\">transactions immobili\u00e8res en 2024<\/p>\n                    <\/div>\n                                    <div class=\"vignetteContainerNosChiffre animate__animated animate__zoomIn\">\n                        <div class=\"ContainerSVGnosChiffre\">\n                            <svg xmlns=\"http:\/\/www.w3.org\/2000\/svg\" width=\"54.287\" height=\"38\" viewBox=\"0 0 54.287 38\">\n                            <path id=\"Icon_awesome-money-bill-wave\" data-name=\"Icon awesome-money-bill-wave\" d=\"M52.688,4.155A25.118,25.118,0,0,0,42.814,2.25c-10.447,0-20.894,5.288-31.342,5.288A25.735,25.735,0,0,1,3.613,6.374a2.9,2.9,0,0,0-.878-.137A2.7,2.7,0,0,0,0,8.935v26.91a2.7,2.7,0,0,0,1.6,2.5,25.1,25.1,0,0,0,9.874,1.906c10.447,0,20.895-5.289,31.342-5.289a25.736,25.736,0,0,1,7.859,1.164,2.9,2.9,0,0,0,.878.137,2.7,2.7,0,0,0,2.735-2.7V6.655a2.7,2.7,0,0,0-1.6-2.5Zm-48.616,6.6a29.518,29.518,0,0,0,5.32.757,5.435,5.435,0,0,1-5.32,4.372Zm0,24.174V30.872a5.427,5.427,0,0,1,5.4,5.208A20.491,20.491,0,0,1,4.071,34.925Zm23.071-5.532c-3.748,0-6.786-3.646-6.786-8.143s3.038-8.143,6.786-8.143,6.786,3.646,6.786,8.143S30.889,29.393,27.143,29.393Zm23.071,2.356a29.164,29.164,0,0,0-4.607-.716,5.417,5.417,0,0,1,4.607-4.18Zm0-20.027A5.418,5.418,0,0,1,45.48,6.5a20.39,20.39,0,0,1,4.734,1.074Z\" transform=\"translate(0 -2.25)\" fill=\"#87d301\"><\/path>\n                        <\/svg>                        <\/div>\n                        <p class=\"TitreVignetteNosChiffre\">24.5 M\u20ac HT<\/p>\n                        <p class=\"TexteVignetteNosChiffre\">CA 2023\/2024<\/p>\n                    <\/div>\n                                    <div class=\"vignetteContainerNosChiffre animate__animated animate__zoomIn\">\n                        <div class=\"ContainerSVGnosChiffre\">\n                            <svg xmlns=\"http:\/\/www.w3.org\/2000\/svg\" viewBox=\"0 0 576 512\"><!--!Font Awesome Free 6.5.1 by @fontawesome - https:\/\/fontawesome.com License - https:\/\/fontawesome.com\/license\/free Copyright 2024 Fonticons, Inc.--><path id=\"Icon_awesome-money-bill-wave\" d=\"M316.9 18C311.6 7 300.4 0 288.1 0s-23.4 7-28.8 18L195 150.3 51.4 171.5c-12 1.8-22 10.2-25.7 21.7s-.7 24.2 7.9 32.7L137.8 329 113.2 474.7c-2 12 3 24.2 12.9 31.3s23 8 33.8 2.3l128.3-68.5 128.3 68.5c10.8 5.7 23.9 4.9 33.8-2.3s14.9-19.3 12.9-31.3L438.5 329 542.7 225.9c8.6-8.5 11.7-21.2 7.9-32.7s-13.7-19.9-25.7-21.7L381.2 150.3 316.9 18z\" transform=\"translate(0 -2.25)\" fill=\"#87d301\"><\/path><\/svg>                        <\/div>\n                        <p class=\"TitreVignetteNosChiffre\">4.9\/5<\/p>\n                        <p class=\"TexteVignetteNosChiffre\">+22K avis v\u00e9rifi\u00e9s sur Immodvisor<\/p>\n                    <\/div>\n                \n            <\/div>\n        <\/div>\n    <\/div>\n\n    \n\n\n\n<div style=\"height:79px\" aria-hidden=\"true\" class=\"wp-block-spacer\"><\/div>\n\n\n\n<div class=\"wp-block-buttons is-layout-flex wp-block-buttons-is-layout-flex\">\n<div class=\"wp-block-button\"><a class=\"wp-block-button__link wp-element-button\" href=\"https:\/\/3gimmo.com\/blog\/brochure-3gimmo\">Envie de nous rejoindre ? Demandez notre brochure \ud83d\udce9<\/a><\/div>\n<\/div>\n","protected":false},"excerpt":{"rendered":"<p>L&rsquo;ADN de notre r\u00e9seau 3G IMMO&nbsp; Au service des mandataires immobiliers ind\u00e9pendants depuis 2006, notre r\u00e9seau s\u2019articule aujourd\u2019hui autour de mandataires immobiliers exp\u00e9riment\u00e9s, motiv\u00e9s et ambitieux qui trouvent une v\u00e9ritable synergie tant au niveau de l\u2019\u00e9quipe pr\u00e9sente au si\u00e8ge social que des outils et de la r\u00e9mun\u00e9ration propos\u00e9e. \u2714\ufe0f Notre communaut\u00e9 : des ind\u00e9pendants exp\u00e9riment\u00e9s, [&hellip;]<\/p>\n","protected":false},"author":1,"featured_media":0,"parent":14,"menu_order":0,"comment_status":"closed","ping_status":"closed","template":"","meta":{"footnotes":""},"class_list":["post-89","page","type-page","status-publish","hentry"],"yoast_head":"<!-- This site is optimized with the Yoast SEO plugin v24.9 - https:\/\/yoast.com\/wordpress\/plugins\/seo\/ -->\n<title>Notre ADN et nos valeurs : un r\u00e9seau humain tourn\u00e9 vers la r\u00e9ussite - Blog 3G IMMO<\/title>\n<meta name=\"robots\" content=\"index, follow, max-snippet:-1, max-image-preview:large, max-video-preview:-1\" \/>\n<link rel=\"canonical\" href=\"https:\/\/3gimmo.com\/blog\/recrutement\/valeurs-3gimmo\" \/>\n<meta property=\"og:locale\" content=\"fr_FR\" \/>\n<meta property=\"og:type\" content=\"article\" \/>\n<meta property=\"og:title\" content=\"Notre ADN et nos valeurs : un r\u00e9seau humain tourn\u00e9 vers la r\u00e9ussite - Blog 3G IMMO\" \/>\n<meta property=\"og:description\" content=\"L&rsquo;ADN de notre r\u00e9seau 3G IMMO&nbsp; Au service des mandataires immobiliers ind\u00e9pendants depuis 2006, notre r\u00e9seau s\u2019articule aujourd\u2019hui autour de mandataires immobiliers exp\u00e9riment\u00e9s, motiv\u00e9s et ambitieux qui trouvent une v\u00e9ritable synergie tant au niveau de l\u2019\u00e9quipe pr\u00e9sente au si\u00e8ge social que des outils et de la r\u00e9mun\u00e9ration propos\u00e9e. \u2714\ufe0f Notre communaut\u00e9 : des ind\u00e9pendants exp\u00e9riment\u00e9s, [&hellip;]\" \/>\n<meta property=\"og:url\" content=\"https:\/\/3gimmo.com\/blog\/recrutement\/valeurs-3gimmo\" \/>\n<meta property=\"og:site_name\" content=\"Blog 3G IMMO\" \/>\n<meta property=\"article:modified_time\" content=\"2025-06-12T15:04:21+00:00\" \/>\n<meta name=\"twitter:card\" content=\"summary_large_image\" \/>\n<meta name=\"twitter:label1\" content=\"Est. reading time\" \/>\n\t<meta name=\"twitter:data1\" content=\"2 minutes\" \/>\n<script type=\"application\/ld+json\" class=\"yoast-schema-graph\">{\"@context\":\"https:\/\/schema.org\",\"@graph\":[{\"@type\":\"WebPage\",\"@id\":\"https:\/\/3gimmo.com\/blog\/recrutement\/valeurs-3gimmo\",\"url\":\"https:\/\/3gimmo.com\/blog\/recrutement\/valeurs-3gimmo\",\"name\":\"Notre ADN et nos valeurs : un r\u00e9seau humain tourn\u00e9 vers la r\u00e9ussite - Blog 3G IMMO\",\"isPartOf\":{\"@id\":\"https:\/\/3gimmo.com\/blog\/#website\"},\"datePublished\":\"2025-04-23T08:12:38+00:00\",\"dateModified\":\"2025-06-12T15:04:21+00:00\",\"breadcrumb\":{\"@id\":\"https:\/\/3gimmo.com\/blog\/recrutement\/valeurs-3gimmo#breadcrumb\"},\"inLanguage\":\"fr-FR\",\"potentialAction\":[{\"@type\":\"ReadAction\",\"target\":[\"https:\/\/3gimmo.com\/blog\/recrutement\/valeurs-3gimmo\"]}]},{\"@type\":\"BreadcrumbList\",\"@id\":\"https:\/\/3gimmo.com\/blog\/recrutement\/valeurs-3gimmo#breadcrumb\",\"itemListElement\":[{\"@type\":\"ListItem\",\"position\":1,\"name\":\"Home\",\"item\":\"https:\/\/3gimmo.com\/blog\/\"},{\"@type\":\"ListItem\",\"position\":2,\"name\":\"Rejoindre 3G IMMO |\u00a0 R\u00e9seau de mandataires immobiliers\",\"item\":\"https:\/\/3gimmo.com\/blog\/recrutement\"},{\"@type\":\"ListItem\",\"position\":3,\"name\":\"Notre ADN et nos valeurs : un r\u00e9seau humain tourn\u00e9 vers la r\u00e9ussite\"}]},{\"@type\":\"WebSite\",\"@id\":\"https:\/\/3gimmo.com\/blog\/#website\",\"url\":\"https:\/\/3gimmo.com\/blog\/\",\"name\":\"Blog 3G IMMO\",\"description\":\"3G IMMO d\u00e9crypte l&#039;immobilier\",\"potentialAction\":[{\"@type\":\"SearchAction\",\"target\":{\"@type\":\"EntryPoint\",\"urlTemplate\":\"https:\/\/3gimmo.com\/blog\/?s={search_term_string}\"},\"query-input\":{\"@type\":\"PropertyValueSpecification\",\"valueRequired\":true,\"valueName\":\"search_term_string\"}}],\"inLanguage\":\"fr-FR\"}]}<\/script>\n<!-- \/ Yoast SEO plugin. -->","yoast_head_json":{"title":"Notre ADN et nos valeurs : un r\u00e9seau humain tourn\u00e9 vers la r\u00e9ussite - Blog 3G IMMO","robots":{"index":"index","follow":"follow","max-snippet":"max-snippet:-1","max-image-preview":"max-image-preview:large","max-video-preview":"max-video-preview:-1"},"canonical":"https:\/\/3gimmo.com\/blog\/recrutement\/valeurs-3gimmo","og_locale":"fr_FR","og_type":"article","og_title":"Notre ADN et nos valeurs : un r\u00e9seau humain tourn\u00e9 vers la r\u00e9ussite - Blog 3G IMMO","og_description":"L&rsquo;ADN de notre r\u00e9seau 3G IMMO&nbsp; Au service des mandataires immobiliers ind\u00e9pendants depuis 2006, notre r\u00e9seau s\u2019articule aujourd\u2019hui autour de mandataires immobiliers exp\u00e9riment\u00e9s, motiv\u00e9s et ambitieux qui trouvent une v\u00e9ritable synergie tant au niveau de l\u2019\u00e9quipe pr\u00e9sente au si\u00e8ge social que des outils et de la r\u00e9mun\u00e9ration propos\u00e9e. \u2714\ufe0f Notre communaut\u00e9 : des ind\u00e9pendants exp\u00e9riment\u00e9s, [&hellip;]","og_url":"https:\/\/3gimmo.com\/blog\/recrutement\/valeurs-3gimmo","og_site_name":"Blog 3G IMMO","article_modified_time":"2025-06-12T15:04:21+00:00","twitter_card":"summary_large_image","twitter_misc":{"Est. reading time":"2 minutes"},"schema":{"@context":"https:\/\/schema.org","@graph":[{"@type":"WebPage","@id":"https:\/\/3gimmo.com\/blog\/recrutement\/valeurs-3gimmo","url":"https:\/\/3gimmo.com\/blog\/recrutement\/valeurs-3gimmo","name":"Notre ADN et nos valeurs : un r\u00e9seau humain tourn\u00e9 vers la r\u00e9ussite - Blog 3G IMMO","isPartOf":{"@id":"https:\/\/3gimmo.com\/blog\/#website"},"datePublished":"2025-04-23T08:12:38+00:00","dateModified":"2025-06-12T15:04:21+00:00","breadcrumb":{"@id":"https:\/\/3gimmo.com\/blog\/recrutement\/valeurs-3gimmo#breadcrumb"},"inLanguage":"fr-FR","potentialAction":[{"@type":"ReadAction","target":["https:\/\/3gimmo.com\/blog\/recrutement\/valeurs-3gimmo"]}]},{"@type":"BreadcrumbList","@id":"https:\/\/3gimmo.com\/blog\/recrutement\/valeurs-3gimmo#breadcrumb","itemListElement":[{"@type":"ListItem","position":1,"name":"Home","item":"https:\/\/3gimmo.com\/blog\/"},{"@type":"ListItem","position":2,"name":"Rejoindre 3G IMMO |\u00a0 R\u00e9seau de mandataires immobiliers","item":"https:\/\/3gimmo.com\/blog\/recrutement"},{"@type":"ListItem","position":3,"name":"Notre ADN et nos valeurs : un r\u00e9seau humain tourn\u00e9 vers la r\u00e9ussite"}]},{"@type":"WebSite","@id":"https:\/\/3gimmo.com\/blog\/#website","url":"https:\/\/3gimmo.com\/blog\/","name":"Blog 3G IMMO","description":"3G IMMO d\u00e9crypte l&#039;immobilier","potentialAction":[{"@type":"SearchAction","target":{"@type":"EntryPoint","urlTemplate":"https:\/\/3gimmo.com\/blog\/?s={search_term_string}"},"query-input":{"@type":"PropertyValueSpecification","valueRequired":true,"valueName":"search_term_string"}}],"inLanguage":"fr-FR"}]}},"_links":{"self":[{"href":"https:\/\/3gimmo.com\/blog\/wp-json\/wp\/v2\/pages\/89","targetHints":{"allow":["GET"]}}],"collection":[{"href":"https:\/\/3gimmo.com\/blog\/wp-json\/wp\/v2\/pages"}],"about":[{"href":"https:\/\/3gimmo.com\/blog\/wp-json\/wp\/v2\/types\/page"}],"author":[{"embeddable":true,"href":"https:\/\/3gimmo.com\/blog\/wp-json\/wp\/v2\/users\/1"}],"replies":[{"embeddable":true,"href":"https:\/\/3gimmo.com\/blog\/wp-json\/wp\/v2\/comments?post=89"}],"version-history":[{"count":16,"href":"https:\/\/3gimmo.com\/blog\/wp-json\/wp\/v2\/pages\/89\/revisions"}],"predecessor-version":[{"id":630,"href":"https:\/\/3gimmo.com\/blog\/wp-json\/wp\/v2\/pages\/89\/revisions\/630"}],"up":[{"embeddable":true,"href":"https:\/\/3gimmo.com\/blog\/wp-json\/wp\/v2\/pages\/14"}],"wp:attachment":[{"href":"https:\/\/3gimmo.com\/blog\/wp-json\/wp\/v2\/media?parent=89"}],"curies":[{"name":"wp","href":"https:\/\/api.w.org\/{rel}","templated":true}]}}